{"id":201466,"date":"2026-04-10T11:11:51","date_gmt":"2026-04-10T09:12:10","guid":{"rendered":"https:\/\/www.laperlavalles.cat\/product\/mortadelle-piquante-nasma-220g\/"},"modified":"2026-04-10T11:16:48","modified_gmt":"2026-04-10T09:16:48","slug":"mortadelle-piquante-nasma-220g","status":"publish","type":"product","link":"https:\/\/www.laperlavalles.cat\/fr\/produit\/mortadelle-piquante-nasma-220g\/","title":{"rendered":"MORTADELLE PIQUANTE NASMA 220G"},"content":{"rendered":"<p>Mortadelle \u00e9labor\u00e9e avec des viandes s\u00e9lectionn\u00e9es et une touche d&rsquo;\u00e9pices offrant une saveur piquante et intense. Produit certifi\u00e9 Halal, id\u00e9al pour sandwichs et ap\u00e9ritifs.<\/p>\n","protected":false},"excerpt":{"rendered":"<p>Mortadelle \u00e9labor\u00e9e avec des viandes s\u00e9lectionn\u00e9es et une touche d&rsquo;\u00e9pices offrant une saveur piquante et intense. Produit certifi\u00e9 Halal, id\u00e9al pour sandwichs et ap\u00e9ritifs.<\/p>\n","protected":false},"featured_media":201449,"comment_status":"open","ping_status":"closed","template":"","meta":[],"product_cat":[10616],"product_tag":[],"_links":{"self":[{"href":"https:\/\/www.laperlavalles.cat\/fr\/wp-json\/wp\/v2\/product\/201466"}],"collection":[{"href":"https:\/\/www.laperlavalles.cat\/fr\/wp-json\/wp\/v2\/product"}],"about":[{"href":"https:\/\/www.laperlavalles.cat\/fr\/wp-json\/wp\/v2\/types\/product"}],"replies":[{"embeddable":true,"href":"https:\/\/www.laperlavalles.cat\/fr\/wp-json\/wp\/v2\/comments?post=201466"}],"wp:featuredmedia":[{"embeddable":true,"href":"https:\/\/www.laperlavalles.cat\/fr\/wp-json\/wp\/v2\/media\/201449"}],"wp:attachment":[{"href":"https:\/\/www.laperlavalles.cat\/fr\/wp-json\/wp\/v2\/media?parent=201466"}],"wp:term":[{"taxonomy":"product_cat","embeddable":true,"href":"https:\/\/www.laperlavalles.cat\/fr\/wp-json\/wp\/v2\/product_cat?post=201466"},{"taxonomy":"product_tag","embeddable":true,"href":"https:\/\/www.laperlavalles.cat\/fr\/wp-json\/wp\/v2\/product_tag?post=201466"}],"curies":[{"name":"wp","href":"https:\/\/api.w.org\/{rel}","templated":true}]}}