{"id":201506,"date":"2026-04-10T11:14:21","date_gmt":"2026-04-10T09:14:37","guid":{"rendered":"https:\/\/www.laperlavalles.cat\/product\/mortadelle-zahira-220g\/"},"modified":"2026-04-10T11:19:18","modified_gmt":"2026-04-10T09:19:18","slug":"mortadelle-zahira-220g","status":"publish","type":"product","link":"https:\/\/www.laperlavalles.cat\/fr\/produit\/mortadelle-zahira-220g\/","title":{"rendered":"MORTADELLE ZAHIRA 220G"},"content":{"rendered":"<p>Mortadelle \u00e9labor\u00e9e \u00e0 partir d&rsquo;une s\u00e9lection de poulet et de b\u0153uf, offrant une saveur douce et authentique. Produit certifi\u00e9 Halal, id\u00e9al pour sandwichs et ap\u00e9ritifs.<\/p>\n","protected":false},"excerpt":{"rendered":"<p>Mortadelle \u00e9labor\u00e9e \u00e0 partir d&rsquo;une s\u00e9lection de poulet et de b\u0153uf, offrant une saveur douce et authentique. Produit certifi\u00e9 Halal, id\u00e9al pour sandwichs et ap\u00e9ritifs.<\/p>\n","protected":false},"featured_media":201489,"comment_status":"open","ping_status":"closed","template":"","meta":[],"product_cat":[10616],"product_tag":[],"_links":{"self":[{"href":"https:\/\/www.laperlavalles.cat\/fr\/wp-json\/wp\/v2\/product\/201506"}],"collection":[{"href":"https:\/\/www.laperlavalles.cat\/fr\/wp-json\/wp\/v2\/product"}],"about":[{"href":"https:\/\/www.laperlavalles.cat\/fr\/wp-json\/wp\/v2\/types\/product"}],"replies":[{"embeddable":true,"href":"https:\/\/www.laperlavalles.cat\/fr\/wp-json\/wp\/v2\/comments?post=201506"}],"wp:featuredmedia":[{"embeddable":true,"href":"https:\/\/www.laperlavalles.cat\/fr\/wp-json\/wp\/v2\/media\/201489"}],"wp:attachment":[{"href":"https:\/\/www.laperlavalles.cat\/fr\/wp-json\/wp\/v2\/media?parent=201506"}],"wp:term":[{"taxonomy":"product_cat","embeddable":true,"href":"https:\/\/www.laperlavalles.cat\/fr\/wp-json\/wp\/v2\/product_cat?post=201506"},{"taxonomy":"product_tag","embeddable":true,"href":"https:\/\/www.laperlavalles.cat\/fr\/wp-json\/wp\/v2\/product_tag?post=201506"}],"curies":[{"name":"wp","href":"https:\/\/api.w.org\/{rel}","templated":true}]}}