{"id":59975,"date":"2021-07-12T18:35:37","date_gmt":"2021-07-12T16:35:50","guid":{"rendered":"https:\/\/www.laperlavalles2.bcntic.com\/product\/pate-darachide-tiga-degue-500gr\/"},"modified":"2023-06-26T15:17:25","modified_gmt":"2023-06-26T13:17:25","slug":"pate-darachide-tiga-degue-500gr-2","status":"publish","type":"product","link":"https:\/\/www.laperlavalles.cat\/fr\/produit\/pate-darachide-tiga-degue-500gr-2\/","title":{"rendered":"PAT\u00c9 D&rsquo;ARACHIDE TIGA DEGUE 500GR"},"content":{"rendered":"<p>P\u00e2te d&rsquo;arachide compos\u00e9e \u00e0 100% d&rsquo;arachides grill\u00e9es<\/p>\n","protected":false},"excerpt":{"rendered":"<p>P\u00e2te d&rsquo;arachide compos\u00e9e \u00e0 100% d&rsquo;arachides grill\u00e9es<\/p>\n","protected":false},"featured_media":148133,"comment_status":"open","ping_status":"closed","template":"","meta":[],"product_cat":[8450],"product_tag":[],"_links":{"self":[{"href":"https:\/\/www.laperlavalles.cat\/fr\/wp-json\/wp\/v2\/product\/59975"}],"collection":[{"href":"https:\/\/www.laperlavalles.cat\/fr\/wp-json\/wp\/v2\/product"}],"about":[{"href":"https:\/\/www.laperlavalles.cat\/fr\/wp-json\/wp\/v2\/types\/product"}],"replies":[{"embeddable":true,"href":"https:\/\/www.laperlavalles.cat\/fr\/wp-json\/wp\/v2\/comments?post=59975"}],"wp:featuredmedia":[{"embeddable":true,"href":"https:\/\/www.laperlavalles.cat\/fr\/wp-json\/wp\/v2\/media\/148133"}],"wp:attachment":[{"href":"https:\/\/www.laperlavalles.cat\/fr\/wp-json\/wp\/v2\/media?parent=59975"}],"wp:term":[{"taxonomy":"product_cat","embeddable":true,"href":"https:\/\/www.laperlavalles.cat\/fr\/wp-json\/wp\/v2\/product_cat?post=59975"},{"taxonomy":"product_tag","embeddable":true,"href":"https:\/\/www.laperlavalles.cat\/fr\/wp-json\/wp\/v2\/product_tag?post=59975"}],"curies":[{"name":"wp","href":"https:\/\/api.w.org\/{rel}","templated":true}]}}