{"id":60010,"date":"2021-07-12T18:35:55","date_gmt":"2021-07-12T16:36:08","guid":{"rendered":"https:\/\/www.laperlavalles2.bcntic.com\/product\/pate-darachide-la-perla-4kg\/"},"modified":"2023-06-23T08:14:54","modified_gmt":"2023-06-23T06:14:54","slug":"pate-darachide-la-perla-4kg-2","status":"publish","type":"product","link":"https:\/\/www.laperlavalles.cat\/fr\/produit\/pate-darachide-la-perla-4kg-2\/","title":{"rendered":"P\u00c2T\u00c9 D&rsquo;ARACHIDE LA PERLA 4KG"},"content":{"rendered":"<p>P\u00e2te d&rsquo;arachide compos\u00e9e \u00e0 100% d&rsquo;arachides<\/p>\n","protected":false},"excerpt":{"rendered":"<p>P\u00e2te d&rsquo;arachide compos\u00e9e \u00e0 100% d&rsquo;arachides<\/p>\n","protected":false},"featured_media":157647,"comment_status":"open","ping_status":"closed","template":"","meta":[],"product_cat":[8450],"product_tag":[],"_links":{"self":[{"href":"https:\/\/www.laperlavalles.cat\/fr\/wp-json\/wp\/v2\/product\/60010"}],"collection":[{"href":"https:\/\/www.laperlavalles.cat\/fr\/wp-json\/wp\/v2\/product"}],"about":[{"href":"https:\/\/www.laperlavalles.cat\/fr\/wp-json\/wp\/v2\/types\/product"}],"replies":[{"embeddable":true,"href":"https:\/\/www.laperlavalles.cat\/fr\/wp-json\/wp\/v2\/comments?post=60010"}],"wp:featuredmedia":[{"embeddable":true,"href":"https:\/\/www.laperlavalles.cat\/fr\/wp-json\/wp\/v2\/media\/157647"}],"wp:attachment":[{"href":"https:\/\/www.laperlavalles.cat\/fr\/wp-json\/wp\/v2\/media?parent=60010"}],"wp:term":[{"taxonomy":"product_cat","embeddable":true,"href":"https:\/\/www.laperlavalles.cat\/fr\/wp-json\/wp\/v2\/product_cat?post=60010"},{"taxonomy":"product_tag","embeddable":true,"href":"https:\/\/www.laperlavalles.cat\/fr\/wp-json\/wp\/v2\/product_tag?post=60010"}],"curies":[{"name":"wp","href":"https:\/\/api.w.org\/{rel}","templated":true}]}}