{"id":60110,"date":"2021-07-12T18:53:32","date_gmt":"2021-07-12T16:53:46","guid":{"rendered":"https:\/\/www.laperlavalles2.bcntic.com\/product\/pate-darachide-the-elements\/"},"modified":"2023-06-23T10:25:18","modified_gmt":"2023-06-23T08:25:18","slug":"pate-darachide-the-elements","status":"publish","type":"product","link":"https:\/\/www.laperlavalles.cat\/fr\/produit\/pate-darachide-the-elements\/","title":{"rendered":"P\u00c2T\u00c9 D&rsquo;ARACHIDE THE ELEMENTS"},"content":{"rendered":"<p>Le beurre d&rsquo;arachide The Elements est une cr\u00e8me naturelle \u00e0 base d&rsquo;arachides grill\u00e9es \u00e0 100%. Ne contient pas de sucres ajout\u00e9s, pas d&rsquo;huile de palme ou d&rsquo;autres ingr\u00e9dients ajout\u00e9s. Il fournit une grande quantit\u00e9 de prot\u00e9ines, de graisses saines, de min\u00e9raux, de vitamines et de fibres essentielles \u00e0 la sant\u00e9.<\/p>\n","protected":false},"excerpt":{"rendered":"<p>Le beurre d&rsquo;arachide The Elements est une cr\u00e8me naturelle \u00e0 base d&rsquo;arachides grill\u00e9es \u00e0 100%. Ne contient pas de sucres ajout\u00e9s, pas d&rsquo;huile de palme ou<span class=\"excerpt-hellip\"> [\u2026]<\/span><\/p>\n","protected":false},"featured_media":163529,"comment_status":"open","ping_status":"closed","template":"","meta":[],"product_cat":[8450],"product_tag":[],"_links":{"self":[{"href":"https:\/\/www.laperlavalles.cat\/fr\/wp-json\/wp\/v2\/product\/60110"}],"collection":[{"href":"https:\/\/www.laperlavalles.cat\/fr\/wp-json\/wp\/v2\/product"}],"about":[{"href":"https:\/\/www.laperlavalles.cat\/fr\/wp-json\/wp\/v2\/types\/product"}],"replies":[{"embeddable":true,"href":"https:\/\/www.laperlavalles.cat\/fr\/wp-json\/wp\/v2\/comments?post=60110"}],"wp:featuredmedia":[{"embeddable":true,"href":"https:\/\/www.laperlavalles.cat\/fr\/wp-json\/wp\/v2\/media\/163529"}],"wp:attachment":[{"href":"https:\/\/www.laperlavalles.cat\/fr\/wp-json\/wp\/v2\/media?parent=60110"}],"wp:term":[{"taxonomy":"product_cat","embeddable":true,"href":"https:\/\/www.laperlavalles.cat\/fr\/wp-json\/wp\/v2\/product_cat?post=60110"},{"taxonomy":"product_tag","embeddable":true,"href":"https:\/\/www.laperlavalles.cat\/fr\/wp-json\/wp\/v2\/product_tag?post=60110"}],"curies":[{"name":"wp","href":"https:\/\/api.w.org\/{rel}","templated":true}]}}