{"id":60230,"date":"2021-07-12T19:05:53","date_gmt":"2021-07-12T17:06:08","guid":{"rendered":"https:\/\/www.laperlavalles2.bcntic.com\/product\/mais-cancha\/"},"modified":"2023-06-23T11:46:42","modified_gmt":"2023-06-23T09:46:42","slug":"mais-cancha","status":"publish","type":"product","link":"https:\/\/www.laperlavalles.cat\/fr\/produit\/mais-cancha\/","title":{"rendered":"MA\u00cfS CANCHA"},"content":{"rendered":"<p>Ma\u00efs cancha. Origine: P\u00e9rou<\/p>\n","protected":false},"excerpt":{"rendered":"<p>Ma\u00efs cancha. Origine: P\u00e9rou<\/p>\n","protected":false},"featured_media":167207,"comment_status":"open","ping_status":"closed","template":"","meta":[],"product_cat":[8454],"product_tag":[],"_links":{"self":[{"href":"https:\/\/www.laperlavalles.cat\/fr\/wp-json\/wp\/v2\/product\/60230"}],"collection":[{"href":"https:\/\/www.laperlavalles.cat\/fr\/wp-json\/wp\/v2\/product"}],"about":[{"href":"https:\/\/www.laperlavalles.cat\/fr\/wp-json\/wp\/v2\/types\/product"}],"replies":[{"embeddable":true,"href":"https:\/\/www.laperlavalles.cat\/fr\/wp-json\/wp\/v2\/comments?post=60230"}],"wp:featuredmedia":[{"embeddable":true,"href":"https:\/\/www.laperlavalles.cat\/fr\/wp-json\/wp\/v2\/media\/167207"}],"wp:attachment":[{"href":"https:\/\/www.laperlavalles.cat\/fr\/wp-json\/wp\/v2\/media?parent=60230"}],"wp:term":[{"taxonomy":"product_cat","embeddable":true,"href":"https:\/\/www.laperlavalles.cat\/fr\/wp-json\/wp\/v2\/product_cat?post=60230"},{"taxonomy":"product_tag","embeddable":true,"href":"https:\/\/www.laperlavalles.cat\/fr\/wp-json\/wp\/v2\/product_tag?post=60230"}],"curies":[{"name":"wp","href":"https:\/\/api.w.org\/{rel}","templated":true}]}}