{"id":60330,"date":"2021-07-12T19:07:45","date_gmt":"2021-07-12T17:07:58","guid":{"rendered":"https:\/\/www.laperlavalles2.bcntic.com\/product\/haricot-mungo-fendu-pele-golden-cheff\/"},"modified":"2024-07-02T19:08:45","modified_gmt":"2024-07-02T17:08:45","slug":"haricot-mungo-fendu-pele-golden-cheff","status":"publish","type":"product","link":"https:\/\/www.laperlavalles.cat\/fr\/produit\/haricot-mungo-fendu-pele-golden-cheff\/","title":{"rendered":"HARICOT MUNGO FENDU PEL\u00c9 GOLDEN CHEFF"},"content":{"rendered":"<p>Haricot vert fendu pel\u00e9 Golden Chef \u00e9galement connu sous le nom de soja vert Golden Cheff.<\/p>\n","protected":false},"excerpt":{"rendered":"<p>Haricot vert fendu pel\u00e9 Golden Chef \u00e9galement connu sous le nom de soja vert Golden Cheff.<\/p>\n","protected":false},"featured_media":177095,"comment_status":"open","ping_status":"closed","template":"","meta":[],"product_cat":[10616],"product_tag":[],"_links":{"self":[{"href":"https:\/\/www.laperlavalles.cat\/fr\/wp-json\/wp\/v2\/product\/60330"}],"collection":[{"href":"https:\/\/www.laperlavalles.cat\/fr\/wp-json\/wp\/v2\/product"}],"about":[{"href":"https:\/\/www.laperlavalles.cat\/fr\/wp-json\/wp\/v2\/types\/product"}],"replies":[{"embeddable":true,"href":"https:\/\/www.laperlavalles.cat\/fr\/wp-json\/wp\/v2\/comments?post=60330"}],"wp:featuredmedia":[{"embeddable":true,"href":"https:\/\/www.laperlavalles.cat\/fr\/wp-json\/wp\/v2\/media\/177095"}],"wp:attachment":[{"href":"https:\/\/www.laperlavalles.cat\/fr\/wp-json\/wp\/v2\/media?parent=60330"}],"wp:term":[{"taxonomy":"product_cat","embeddable":true,"href":"https:\/\/www.laperlavalles.cat\/fr\/wp-json\/wp\/v2\/product_cat?post=60330"},{"taxonomy":"product_tag","embeddable":true,"href":"https:\/\/www.laperlavalles.cat\/fr\/wp-json\/wp\/v2\/product_tag?post=60330"}],"curies":[{"name":"wp","href":"https:\/\/api.w.org\/{rel}","templated":true}]}}