{"id":60430,"date":"2021-07-12T19:09:36","date_gmt":"2021-07-12T17:09:50","guid":{"rendered":"https:\/\/www.laperlavalles2.bcntic.com\/product\/pate-darachide-dakatine-850gr\/"},"modified":"2024-07-02T17:50:36","modified_gmt":"2024-07-02T15:50:36","slug":"pate-darachide-dakatine-850gr","status":"publish","type":"product","link":"https:\/\/www.laperlavalles.cat\/fr\/produit\/pate-darachide-dakatine-850gr\/","title":{"rendered":"P\u00c2T\u00c9 D&rsquo;ARACHIDE DAKATINE 850GR"},"content":{"rendered":"<p>P\u00e2te d&rsquo;arachide Dakatine originale de France.<\/p>\n","protected":false},"excerpt":{"rendered":"<p>P\u00e2te d&rsquo;arachide Dakatine originale de France.<\/p>\n","protected":false},"featured_media":163495,"comment_status":"open","ping_status":"closed","template":"","meta":[],"product_cat":[10616],"product_tag":[],"_links":{"self":[{"href":"https:\/\/www.laperlavalles.cat\/fr\/wp-json\/wp\/v2\/product\/60430"}],"collection":[{"href":"https:\/\/www.laperlavalles.cat\/fr\/wp-json\/wp\/v2\/product"}],"about":[{"href":"https:\/\/www.laperlavalles.cat\/fr\/wp-json\/wp\/v2\/types\/product"}],"replies":[{"embeddable":true,"href":"https:\/\/www.laperlavalles.cat\/fr\/wp-json\/wp\/v2\/comments?post=60430"}],"wp:featuredmedia":[{"embeddable":true,"href":"https:\/\/www.laperlavalles.cat\/fr\/wp-json\/wp\/v2\/media\/163495"}],"wp:attachment":[{"href":"https:\/\/www.laperlavalles.cat\/fr\/wp-json\/wp\/v2\/media?parent=60430"}],"wp:term":[{"taxonomy":"product_cat","embeddable":true,"href":"https:\/\/www.laperlavalles.cat\/fr\/wp-json\/wp\/v2\/product_cat?post=60430"},{"taxonomy":"product_tag","embeddable":true,"href":"https:\/\/www.laperlavalles.cat\/fr\/wp-json\/wp\/v2\/product_tag?post=60430"}],"curies":[{"name":"wp","href":"https:\/\/api.w.org\/{rel}","templated":true}]}}