{"id":60470,"date":"2021-07-12T19:10:13","date_gmt":"2021-07-12T17:10:26","guid":{"rendered":"https:\/\/www.laperlavalles2.bcntic.com\/product\/pate-darachide-tiga-degue-4kg\/"},"modified":"2023-06-23T08:16:28","modified_gmt":"2023-06-23T06:16:28","slug":"pate-darachide-tiga-degue-4kg","status":"publish","type":"product","link":"https:\/\/www.laperlavalles.cat\/fr\/produit\/pate-darachide-tiga-degue-4kg\/","title":{"rendered":"P\u00c2T\u00c9 D&rsquo;ARACHIDE TIGA DEGUE 4KG"},"content":{"rendered":"<p>P\u00e2te d&rsquo;arachide compos\u00e9e \u00e0 100% d&rsquo;arachides grill\u00e9es<\/p>\n","protected":false},"excerpt":{"rendered":"<p>P\u00e2te d&rsquo;arachide compos\u00e9e \u00e0 100% d&rsquo;arachides grill\u00e9es<\/p>\n","protected":false},"featured_media":157719,"comment_status":"open","ping_status":"closed","template":"","meta":[],"product_cat":[8450],"product_tag":[],"_links":{"self":[{"href":"https:\/\/www.laperlavalles.cat\/fr\/wp-json\/wp\/v2\/product\/60470"}],"collection":[{"href":"https:\/\/www.laperlavalles.cat\/fr\/wp-json\/wp\/v2\/product"}],"about":[{"href":"https:\/\/www.laperlavalles.cat\/fr\/wp-json\/wp\/v2\/types\/product"}],"replies":[{"embeddable":true,"href":"https:\/\/www.laperlavalles.cat\/fr\/wp-json\/wp\/v2\/comments?post=60470"}],"wp:featuredmedia":[{"embeddable":true,"href":"https:\/\/www.laperlavalles.cat\/fr\/wp-json\/wp\/v2\/media\/157719"}],"wp:attachment":[{"href":"https:\/\/www.laperlavalles.cat\/fr\/wp-json\/wp\/v2\/media?parent=60470"}],"wp:term":[{"taxonomy":"product_cat","embeddable":true,"href":"https:\/\/www.laperlavalles.cat\/fr\/wp-json\/wp\/v2\/product_cat?post=60470"},{"taxonomy":"product_tag","embeddable":true,"href":"https:\/\/www.laperlavalles.cat\/fr\/wp-json\/wp\/v2\/product_tag?post=60470"}],"curies":[{"name":"wp","href":"https:\/\/api.w.org\/{rel}","templated":true}]}}