{"id":60770,"date":"2021-07-12T19:15:33","date_gmt":"2021-07-12T17:15:47","guid":{"rendered":"https:\/\/www.laperlavalles2.bcntic.com\/product\/sauce-sriracha-ail-uni-eagle-435ml\/"},"modified":"2023-06-26T15:38:04","modified_gmt":"2023-06-26T13:38:04","slug":"sauce-sriracha-ail-uni-eagle-435ml","status":"publish","type":"product","link":"https:\/\/www.laperlavalles.cat\/fr\/produit\/sauce-sriracha-ail-uni-eagle-435ml\/","title":{"rendered":"SAUCE SRIRACHA AIL UNI-EAGLE 435ML"},"content":{"rendered":"<p>La sauce chili Sriracha a l&rsquo;\u00e0il Uni-Eagle est une sauce \u00e9pic\u00e9e avec ail tr\u00e8s typique d\u2019Asie, en particulier de Tha\u00eflande, \u00e0 base de chili, ail, de vinaigre, de sucre et de sel.<\/p>\n","protected":false},"excerpt":{"rendered":"<p>La sauce chili Sriracha a l&rsquo;\u00e0il Uni-Eagle est une sauce \u00e9pic\u00e9e avec ail tr\u00e8s typique d\u2019Asie, en particulier de Tha\u00eflande, \u00e0 base de chili, ail, de<span class=\"excerpt-hellip\"> [\u2026]<\/span><\/p>\n","protected":false},"featured_media":154181,"comment_status":"open","ping_status":"closed","template":"","meta":[],"product_cat":[8449,8580],"product_tag":[],"_links":{"self":[{"href":"https:\/\/www.laperlavalles.cat\/fr\/wp-json\/wp\/v2\/product\/60770"}],"collection":[{"href":"https:\/\/www.laperlavalles.cat\/fr\/wp-json\/wp\/v2\/product"}],"about":[{"href":"https:\/\/www.laperlavalles.cat\/fr\/wp-json\/wp\/v2\/types\/product"}],"replies":[{"embeddable":true,"href":"https:\/\/www.laperlavalles.cat\/fr\/wp-json\/wp\/v2\/comments?post=60770"}],"wp:featuredmedia":[{"embeddable":true,"href":"https:\/\/www.laperlavalles.cat\/fr\/wp-json\/wp\/v2\/media\/154181"}],"wp:attachment":[{"href":"https:\/\/www.laperlavalles.cat\/fr\/wp-json\/wp\/v2\/media?parent=60770"}],"wp:term":[{"taxonomy":"product_cat","embeddable":true,"href":"https:\/\/www.laperlavalles.cat\/fr\/wp-json\/wp\/v2\/product_cat?post=60770"},{"taxonomy":"product_tag","embeddable":true,"href":"https:\/\/www.laperlavalles.cat\/fr\/wp-json\/wp\/v2\/product_tag?post=60770"}],"curies":[{"name":"wp","href":"https:\/\/api.w.org\/{rel}","templated":true}]}}