{"id":60810,"date":"2021-07-12T19:16:19","date_gmt":"2021-07-12T17:16:33","guid":{"rendered":"https:\/\/www.laperlavalles2.bcntic.com\/product\/sauce-sriracha-super-hot-uni-eagle-440ml\/"},"modified":"2023-06-23T11:35:40","modified_gmt":"2023-06-23T09:35:40","slug":"sauce-sriracha-super-hot-uni-eagle-440ml","status":"publish","type":"product","link":"https:\/\/www.laperlavalles.cat\/fr\/produit\/sauce-sriracha-super-hot-uni-eagle-440ml\/","title":{"rendered":"SAUCE SRIRACHA SUPER HOT UNI-EAGLE 440ML"},"content":{"rendered":"<p>La sauce chili Sriracha Super Hot Uni-Eagle est une sauce tr\u00e8s \u00e9pic\u00e9e tr\u00e8s typique d\u2019Asie, en particulier de Tha\u00eflande, \u00e0 base de piments, de vinaigre, de sucre et de sel.<\/p>\n","protected":false},"excerpt":{"rendered":"<p>La sauce chili Sriracha Super Hot Uni-Eagle est une sauce tr\u00e8s \u00e9pic\u00e9e tr\u00e8s typique d\u2019Asie, en particulier de Tha\u00eflande, \u00e0 base de piments, de vinaigre, de<span class=\"excerpt-hellip\"> [\u2026]<\/span><\/p>\n","protected":false},"featured_media":166713,"comment_status":"open","ping_status":"closed","template":"","meta":[],"product_cat":[8449,8580],"product_tag":[],"_links":{"self":[{"href":"https:\/\/www.laperlavalles.cat\/fr\/wp-json\/wp\/v2\/product\/60810"}],"collection":[{"href":"https:\/\/www.laperlavalles.cat\/fr\/wp-json\/wp\/v2\/product"}],"about":[{"href":"https:\/\/www.laperlavalles.cat\/fr\/wp-json\/wp\/v2\/types\/product"}],"replies":[{"embeddable":true,"href":"https:\/\/www.laperlavalles.cat\/fr\/wp-json\/wp\/v2\/comments?post=60810"}],"wp:featuredmedia":[{"embeddable":true,"href":"https:\/\/www.laperlavalles.cat\/fr\/wp-json\/wp\/v2\/media\/166713"}],"wp:attachment":[{"href":"https:\/\/www.laperlavalles.cat\/fr\/wp-json\/wp\/v2\/media?parent=60810"}],"wp:term":[{"taxonomy":"product_cat","embeddable":true,"href":"https:\/\/www.laperlavalles.cat\/fr\/wp-json\/wp\/v2\/product_cat?post=60810"},{"taxonomy":"product_tag","embeddable":true,"href":"https:\/\/www.laperlavalles.cat\/fr\/wp-json\/wp\/v2\/product_tag?post=60810"}],"curies":[{"name":"wp","href":"https:\/\/api.w.org\/{rel}","templated":true}]}}