{"id":60850,"date":"2021-07-12T19:17:03","date_gmt":"2021-07-12T17:17:18","guid":{"rendered":"https:\/\/www.laperlavalles2.bcntic.com\/product\/sauce-sriracha-lemongrass-uni-eagle-440ml\/"},"modified":"2023-06-23T11:36:24","modified_gmt":"2023-06-23T09:36:24","slug":"sauce-sriracha-lemongrass-uni-eagle-440ml","status":"publish","type":"product","link":"https:\/\/www.laperlavalles.cat\/fr\/produit\/sauce-sriracha-lemongrass-uni-eagle-440ml\/","title":{"rendered":"SAUCE SRIRACHA LEMONGRASS UNI-EAGLE 440ML"},"content":{"rendered":"<p>La sauce chili Sriracha Lemongrass Uni-Eagle est une sauce \u00e9pic\u00e9e avec une touche de citronnelle tr\u00e8s typique d\u2019Asie, en particulier de Tha\u00eflande, \u00e0 base de chili, de vinaigre, de sucre et de sel.<\/p>\n","protected":false},"excerpt":{"rendered":"<p>La sauce chili Sriracha Lemongrass Uni-Eagle est une sauce \u00e9pic\u00e9e avec une touche de citronnelle tr\u00e8s typique d\u2019Asie, en particulier de Tha\u00eflande, \u00e0 base de chili,<span class=\"excerpt-hellip\"> [\u2026]<\/span><\/p>\n","protected":false},"featured_media":166745,"comment_status":"open","ping_status":"closed","template":"","meta":[],"product_cat":[8449,8580],"product_tag":[],"_links":{"self":[{"href":"https:\/\/www.laperlavalles.cat\/fr\/wp-json\/wp\/v2\/product\/60850"}],"collection":[{"href":"https:\/\/www.laperlavalles.cat\/fr\/wp-json\/wp\/v2\/product"}],"about":[{"href":"https:\/\/www.laperlavalles.cat\/fr\/wp-json\/wp\/v2\/types\/product"}],"replies":[{"embeddable":true,"href":"https:\/\/www.laperlavalles.cat\/fr\/wp-json\/wp\/v2\/comments?post=60850"}],"wp:featuredmedia":[{"embeddable":true,"href":"https:\/\/www.laperlavalles.cat\/fr\/wp-json\/wp\/v2\/media\/166745"}],"wp:attachment":[{"href":"https:\/\/www.laperlavalles.cat\/fr\/wp-json\/wp\/v2\/media?parent=60850"}],"wp:term":[{"taxonomy":"product_cat","embeddable":true,"href":"https:\/\/www.laperlavalles.cat\/fr\/wp-json\/wp\/v2\/product_cat?post=60850"},{"taxonomy":"product_tag","embeddable":true,"href":"https:\/\/www.laperlavalles.cat\/fr\/wp-json\/wp\/v2\/product_tag?post=60850"}],"curies":[{"name":"wp","href":"https:\/\/api.w.org\/{rel}","templated":true}]}}