{"id":60870,"date":"2021-07-12T19:17:26","date_gmt":"2021-07-12T17:17:40","guid":{"rendered":"https:\/\/www.laperlavalles2.bcntic.com\/product\/huile-de-sesam-grille-ktc-250ml\/"},"modified":"2023-06-23T11:00:59","modified_gmt":"2023-06-23T09:00:59","slug":"huile-de-sesam-grille-ktc-250ml","status":"publish","type":"product","link":"https:\/\/www.laperlavalles.cat\/fr\/produit\/huile-de-sesam-grille-ktc-250ml\/","title":{"rendered":"HUILE DE S\u00c9SAM GRILL\u00c9 KTC 250ML"},"content":{"rendered":"<p>Huile de graines de s\u00e9same grill\u00e9es.<\/p>\n","protected":false},"excerpt":{"rendered":"<p>Huile de graines de s\u00e9same grill\u00e9es.<\/p>\n","protected":false},"featured_media":165143,"comment_status":"open","ping_status":"closed","template":"","meta":[],"product_cat":[8449,8580],"product_tag":[],"_links":{"self":[{"href":"https:\/\/www.laperlavalles.cat\/fr\/wp-json\/wp\/v2\/product\/60870"}],"collection":[{"href":"https:\/\/www.laperlavalles.cat\/fr\/wp-json\/wp\/v2\/product"}],"about":[{"href":"https:\/\/www.laperlavalles.cat\/fr\/wp-json\/wp\/v2\/types\/product"}],"replies":[{"embeddable":true,"href":"https:\/\/www.laperlavalles.cat\/fr\/wp-json\/wp\/v2\/comments?post=60870"}],"wp:featuredmedia":[{"embeddable":true,"href":"https:\/\/www.laperlavalles.cat\/fr\/wp-json\/wp\/v2\/media\/165143"}],"wp:attachment":[{"href":"https:\/\/www.laperlavalles.cat\/fr\/wp-json\/wp\/v2\/media?parent=60870"}],"wp:term":[{"taxonomy":"product_cat","embeddable":true,"href":"https:\/\/www.laperlavalles.cat\/fr\/wp-json\/wp\/v2\/product_cat?post=60870"},{"taxonomy":"product_tag","embeddable":true,"href":"https:\/\/www.laperlavalles.cat\/fr\/wp-json\/wp\/v2\/product_tag?post=60870"}],"curies":[{"name":"wp","href":"https:\/\/api.w.org\/{rel}","templated":true}]}}