{"id":60910,"date":"2021-07-12T19:18:10","date_gmt":"2021-07-12T17:18:24","guid":{"rendered":"https:\/\/www.laperlavalles2.bcntic.com\/product\/sauce-sriracha-uni-eagle-740ml\/"},"modified":"2023-06-23T11:08:22","modified_gmt":"2023-06-23T09:08:22","slug":"sauce-sriracha-uni-eagle-740ml","status":"publish","type":"product","link":"https:\/\/www.laperlavalles.cat\/fr\/produit\/sauce-sriracha-uni-eagle-740ml\/","title":{"rendered":"SAUCE SRIRACHA UNI-EAGLE 740ML"},"content":{"rendered":"<p>La sauce chili Sriracha Uni-Eagle est une sauce \u00e9pic\u00e9e tr\u00e8s typique d\u2019Asie, en particulier de Tha\u00eflande, \u00e0 base de chili, de vinaigre, de sucre et de sel.<\/p>\n","protected":false},"excerpt":{"rendered":"<p>La sauce chili Sriracha Uni-Eagle est une sauce \u00e9pic\u00e9e tr\u00e8s typique d\u2019Asie, en particulier de Tha\u00eflande, \u00e0 base de chili, de vinaigre, de sucre et de<span class=\"excerpt-hellip\"> [\u2026]<\/span><\/p>\n","protected":false},"featured_media":165481,"comment_status":"open","ping_status":"closed","template":"","meta":[],"product_cat":[8449,8580],"product_tag":[],"_links":{"self":[{"href":"https:\/\/www.laperlavalles.cat\/fr\/wp-json\/wp\/v2\/product\/60910"}],"collection":[{"href":"https:\/\/www.laperlavalles.cat\/fr\/wp-json\/wp\/v2\/product"}],"about":[{"href":"https:\/\/www.laperlavalles.cat\/fr\/wp-json\/wp\/v2\/types\/product"}],"replies":[{"embeddable":true,"href":"https:\/\/www.laperlavalles.cat\/fr\/wp-json\/wp\/v2\/comments?post=60910"}],"wp:featuredmedia":[{"embeddable":true,"href":"https:\/\/www.laperlavalles.cat\/fr\/wp-json\/wp\/v2\/media\/165481"}],"wp:attachment":[{"href":"https:\/\/www.laperlavalles.cat\/fr\/wp-json\/wp\/v2\/media?parent=60910"}],"wp:term":[{"taxonomy":"product_cat","embeddable":true,"href":"https:\/\/www.laperlavalles.cat\/fr\/wp-json\/wp\/v2\/product_cat?post=60910"},{"taxonomy":"product_tag","embeddable":true,"href":"https:\/\/www.laperlavalles.cat\/fr\/wp-json\/wp\/v2\/product_tag?post=60910"}],"curies":[{"name":"wp","href":"https:\/\/api.w.org\/{rel}","templated":true}]}}