{"id":60930,"date":"2021-07-12T19:18:33","date_gmt":"2021-07-12T17:18:47","guid":{"rendered":"https:\/\/www.laperlavalles2.bcntic.com\/product\/sauce-a-la-menthe-colmans\/"},"modified":"2024-07-10T10:49:27","modified_gmt":"2024-07-10T08:49:27","slug":"sauce-a-la-menthe-colmans","status":"publish","type":"product","link":"https:\/\/www.laperlavalles.cat\/fr\/produit\/sauce-a-la-menthe-colmans\/","title":{"rendered":"SAUCE \u00c0 LA MENTHE COLMAN&rsquo;S"},"content":{"rendered":"<p>La sauce \u00e0 la menthe de Colman est la sauce \u00e0 la menthe originale et classique de Colman \u00e0 base de menthe cultiv\u00e9e en Grande-Bretagne. Id\u00e9al pour assaisonner l&rsquo;agneau ou tout type de viande.<\/p>\n","protected":false},"excerpt":{"rendered":"<p>La sauce \u00e0 la menthe de Colman est la sauce \u00e0 la menthe originale et classique de Colman \u00e0 base de menthe cultiv\u00e9e en Grande-Bretagne. Id\u00e9al<span class=\"excerpt-hellip\"> [\u2026]<\/span><\/p>\n","protected":false},"featured_media":168775,"comment_status":"open","ping_status":"closed","template":"","meta":[],"product_cat":[10616],"product_tag":[],"_links":{"self":[{"href":"https:\/\/www.laperlavalles.cat\/fr\/wp-json\/wp\/v2\/product\/60930"}],"collection":[{"href":"https:\/\/www.laperlavalles.cat\/fr\/wp-json\/wp\/v2\/product"}],"about":[{"href":"https:\/\/www.laperlavalles.cat\/fr\/wp-json\/wp\/v2\/types\/product"}],"replies":[{"embeddable":true,"href":"https:\/\/www.laperlavalles.cat\/fr\/wp-json\/wp\/v2\/comments?post=60930"}],"wp:featuredmedia":[{"embeddable":true,"href":"https:\/\/www.laperlavalles.cat\/fr\/wp-json\/wp\/v2\/media\/168775"}],"wp:attachment":[{"href":"https:\/\/www.laperlavalles.cat\/fr\/wp-json\/wp\/v2\/media?parent=60930"}],"wp:term":[{"taxonomy":"product_cat","embeddable":true,"href":"https:\/\/www.laperlavalles.cat\/fr\/wp-json\/wp\/v2\/product_cat?post=60930"},{"taxonomy":"product_tag","embeddable":true,"href":"https:\/\/www.laperlavalles.cat\/fr\/wp-json\/wp\/v2\/product_tag?post=60930"}],"curies":[{"name":"wp","href":"https:\/\/api.w.org\/{rel}","templated":true}]}}