{"id":60970,"date":"2021-07-12T19:19:18","date_gmt":"2021-07-12T17:19:32","guid":{"rendered":"https:\/\/www.laperlavalles2.bcntic.com\/product\/sauce-chicken-marinade-lee-kum-kee-410ml\/"},"modified":"2024-07-10T11:09:14","modified_gmt":"2024-07-10T09:09:14","slug":"sauce-chicken-marinade-lee-kum-kee-410ml","status":"publish","type":"product","link":"https:\/\/www.laperlavalles.cat\/fr\/produit\/sauce-chicken-marinade-lee-kum-kee-410ml\/","title":{"rendered":"SAUCE CHICKEN MARINADE LEE KUM KEE 410ML"},"content":{"rendered":"<p>La sauce chicken marinade Lee Kum Kee est une sauce soja sucr\u00e9e pour faire mariner le poulet ou accompagner des plats de nouilles, de riz ou de saut\u00e9s o\u00f9 le poulet est l&rsquo;ingr\u00e9dient principal.<\/p>\n","protected":false},"excerpt":{"rendered":"<p>La sauce chicken marinade Lee Kum Kee est une sauce soja sucr\u00e9e pour faire mariner le poulet ou accompagner des plats de nouilles, de riz ou<span class=\"excerpt-hellip\"> [\u2026]<\/span><\/p>\n","protected":false},"featured_media":169289,"comment_status":"open","ping_status":"closed","template":"","meta":[],"product_cat":[10616],"product_tag":[],"_links":{"self":[{"href":"https:\/\/www.laperlavalles.cat\/fr\/wp-json\/wp\/v2\/product\/60970"}],"collection":[{"href":"https:\/\/www.laperlavalles.cat\/fr\/wp-json\/wp\/v2\/product"}],"about":[{"href":"https:\/\/www.laperlavalles.cat\/fr\/wp-json\/wp\/v2\/types\/product"}],"replies":[{"embeddable":true,"href":"https:\/\/www.laperlavalles.cat\/fr\/wp-json\/wp\/v2\/comments?post=60970"}],"wp:featuredmedia":[{"embeddable":true,"href":"https:\/\/www.laperlavalles.cat\/fr\/wp-json\/wp\/v2\/media\/169289"}],"wp:attachment":[{"href":"https:\/\/www.laperlavalles.cat\/fr\/wp-json\/wp\/v2\/media?parent=60970"}],"wp:term":[{"taxonomy":"product_cat","embeddable":true,"href":"https:\/\/www.laperlavalles.cat\/fr\/wp-json\/wp\/v2\/product_cat?post=60970"},{"taxonomy":"product_tag","embeddable":true,"href":"https:\/\/www.laperlavalles.cat\/fr\/wp-json\/wp\/v2\/product_tag?post=60970"}],"curies":[{"name":"wp","href":"https:\/\/api.w.org\/{rel}","templated":true}]}}