{"id":60990,"date":"2021-07-12T19:19:41","date_gmt":"2021-07-12T17:19:55","guid":{"rendered":"https:\/\/www.laperlavalles2.bcntic.com\/product\/sauce-aux-huitres-panda-sans-gluten-510gr\/"},"modified":"2024-07-10T11:12:26","modified_gmt":"2024-07-10T09:12:26","slug":"sauce-aux-huitres-panda-sans-gluten-510gr","status":"publish","type":"product","link":"https:\/\/www.laperlavalles.cat\/fr\/produit\/sauce-aux-huitres-panda-sans-gluten-510gr\/","title":{"rendered":"SAUCE AUX HU\u00ceTRES PANDA SANS GLUTEN 510GR"},"content":{"rendered":"<p>La marque n\u00b0 1 mondiale de sauce aux hu\u00eetres pendant 12 ann\u00e9es cons\u00e9cutives<br \/>\nLa sauce aux hu\u00eetres Panda Oyster Sauce Lee Kum Kee est l&rsquo;\u00e2me et l&rsquo;essence de la cuisine chinoise. Sa saveur est umami avec une touche douce, aromatique et subtile de fruits de mer. Il donne \u00e0 la viande une jolie couleur dor\u00e9e.<br \/>\nIl est servi comme garniture pour toutes sortes d&rsquo;aliments et rehausse la saveur umami des viandes et des l\u00e9gumes. Id\u00e9al pour les saut\u00e9s, les condiments ou les marinades (viande, poisson ou fruits de mer). A combiner avec des l\u00e9gumes, du boeuf, des champignons &#8230;<\/p>\n","protected":false},"excerpt":{"rendered":"<p>La marque n\u00b0 1 mondiale de sauce aux hu\u00eetres pendant 12 ann\u00e9es cons\u00e9cutives La sauce aux hu\u00eetres Panda Oyster Sauce Lee Kum Kee est l&rsquo;\u00e2me et<span class=\"excerpt-hellip\"> [\u2026]<\/span><\/p>\n","protected":false},"featured_media":169305,"comment_status":"open","ping_status":"closed","template":"","meta":[],"product_cat":[10616],"product_tag":[],"_links":{"self":[{"href":"https:\/\/www.laperlavalles.cat\/fr\/wp-json\/wp\/v2\/product\/60990"}],"collection":[{"href":"https:\/\/www.laperlavalles.cat\/fr\/wp-json\/wp\/v2\/product"}],"about":[{"href":"https:\/\/www.laperlavalles.cat\/fr\/wp-json\/wp\/v2\/types\/product"}],"replies":[{"embeddable":true,"href":"https:\/\/www.laperlavalles.cat\/fr\/wp-json\/wp\/v2\/comments?post=60990"}],"wp:featuredmedia":[{"embeddable":true,"href":"https:\/\/www.laperlavalles.cat\/fr\/wp-json\/wp\/v2\/media\/169305"}],"wp:attachment":[{"href":"https:\/\/www.laperlavalles.cat\/fr\/wp-json\/wp\/v2\/media?parent=60990"}],"wp:term":[{"taxonomy":"product_cat","embeddable":true,"href":"https:\/\/www.laperlavalles.cat\/fr\/wp-json\/wp\/v2\/product_cat?post=60990"},{"taxonomy":"product_tag","embeddable":true,"href":"https:\/\/www.laperlavalles.cat\/fr\/wp-json\/wp\/v2\/product_tag?post=60990"}],"curies":[{"name":"wp","href":"https:\/\/api.w.org\/{rel}","templated":true}]}}