{"id":61010,"date":"2021-07-12T19:20:04","date_gmt":"2021-07-12T17:20:18","guid":{"rendered":"https:\/\/www.laperlavalles2.bcntic.com\/product\/sauce-hoisin-lee-kum-kee-397gr\/"},"modified":"2023-06-23T12:33:12","modified_gmt":"2023-06-23T10:33:12","slug":"sauce-hoisin-lee-kum-kee-397gr","status":"publish","type":"product","link":"https:\/\/www.laperlavalles.cat\/fr\/produit\/sauce-hoisin-lee-kum-kee-397gr\/","title":{"rendered":"SAUCE HOISIN LEE KUM KEE 397GR"},"content":{"rendered":"<p>La sauce Hoisin Lee Kum Kee est une sauce soja concentr\u00e9e avec des notes d&rsquo;\u00e9pices, de s\u00e9same et de piment.<br \/>\nSauce pour mariner, r\u00f4tir, sauter et tremper. Une excellente marinade pour les barbecues et parfaite pour ajouter un bonbon aux saut\u00e9s. Il est \u00e9galement utilis\u00e9 comme garniture pour les g\u00e2teaux de canard aromatiques et croustillants, une marinade pour les c\u00f4tes sternales, qui peut \u00e9galement \u00eatre combin\u00e9 avec de l&rsquo;ail et de la sauce chili pour cuire du poulet \u00abKung Pao\u00bb sucr\u00e9-\u00e9pic\u00e9.<\/p>\n","protected":false},"excerpt":{"rendered":"<p>La sauce Hoisin Lee Kum Kee est une sauce soja concentr\u00e9e avec des notes d&rsquo;\u00e9pices, de s\u00e9same et de piment. Sauce pour mariner, r\u00f4tir, sauter et<span class=\"excerpt-hellip\"> [\u2026]<\/span><\/p>\n","protected":false},"featured_media":169319,"comment_status":"open","ping_status":"closed","template":"","meta":[],"product_cat":[8449,8580],"product_tag":[],"_links":{"self":[{"href":"https:\/\/www.laperlavalles.cat\/fr\/wp-json\/wp\/v2\/product\/61010"}],"collection":[{"href":"https:\/\/www.laperlavalles.cat\/fr\/wp-json\/wp\/v2\/product"}],"about":[{"href":"https:\/\/www.laperlavalles.cat\/fr\/wp-json\/wp\/v2\/types\/product"}],"replies":[{"embeddable":true,"href":"https:\/\/www.laperlavalles.cat\/fr\/wp-json\/wp\/v2\/comments?post=61010"}],"wp:featuredmedia":[{"embeddable":true,"href":"https:\/\/www.laperlavalles.cat\/fr\/wp-json\/wp\/v2\/media\/169319"}],"wp:attachment":[{"href":"https:\/\/www.laperlavalles.cat\/fr\/wp-json\/wp\/v2\/media?parent=61010"}],"wp:term":[{"taxonomy":"product_cat","embeddable":true,"href":"https:\/\/www.laperlavalles.cat\/fr\/wp-json\/wp\/v2\/product_cat?post=61010"},{"taxonomy":"product_tag","embeddable":true,"href":"https:\/\/www.laperlavalles.cat\/fr\/wp-json\/wp\/v2\/product_tag?post=61010"}],"curies":[{"name":"wp","href":"https:\/\/api.w.org\/{rel}","templated":true}]}}