{"id":61050,"date":"2021-07-12T19:20:49","date_gmt":"2021-07-12T17:21:02","guid":{"rendered":"https:\/\/www.laperlavalles2.bcntic.com\/product\/sauce-black-bean-garlic-lee-kum-kee\/"},"modified":"2023-06-23T12:33:58","modified_gmt":"2023-06-23T10:33:58","slug":"sauce-black-bean-garlic-lee-kum-kee","status":"publish","type":"product","link":"https:\/\/www.laperlavalles.cat\/fr\/produit\/sauce-black-bean-garlic-lee-kum-kee\/","title":{"rendered":"SAUCE BLACK BEAN GARLIC LEE KUM KEE"},"content":{"rendered":"<p>La sauce  black bean garlic Lee Kum Kee est une sauce chinoise aromatique \u00e0 base de haricots noirs ferment\u00e9s et d&rsquo;ail, id\u00e9ale pour faire sauter ou cuire \u00e0 la vapeur.<\/p>\n","protected":false},"excerpt":{"rendered":"<p>La sauce black bean garlic Lee Kum Kee est une sauce chinoise aromatique \u00e0 base de haricots noirs ferment\u00e9s et d&rsquo;ail, id\u00e9ale pour faire sauter ou<span class=\"excerpt-hellip\"> [\u2026]<\/span><\/p>\n","protected":false},"featured_media":169351,"comment_status":"open","ping_status":"closed","template":"","meta":[],"product_cat":[8449,8580],"product_tag":[],"_links":{"self":[{"href":"https:\/\/www.laperlavalles.cat\/fr\/wp-json\/wp\/v2\/product\/61050"}],"collection":[{"href":"https:\/\/www.laperlavalles.cat\/fr\/wp-json\/wp\/v2\/product"}],"about":[{"href":"https:\/\/www.laperlavalles.cat\/fr\/wp-json\/wp\/v2\/types\/product"}],"replies":[{"embeddable":true,"href":"https:\/\/www.laperlavalles.cat\/fr\/wp-json\/wp\/v2\/comments?post=61050"}],"wp:featuredmedia":[{"embeddable":true,"href":"https:\/\/www.laperlavalles.cat\/fr\/wp-json\/wp\/v2\/media\/169351"}],"wp:attachment":[{"href":"https:\/\/www.laperlavalles.cat\/fr\/wp-json\/wp\/v2\/media?parent=61050"}],"wp:term":[{"taxonomy":"product_cat","embeddable":true,"href":"https:\/\/www.laperlavalles.cat\/fr\/wp-json\/wp\/v2\/product_cat?post=61050"},{"taxonomy":"product_tag","embeddable":true,"href":"https:\/\/www.laperlavalles.cat\/fr\/wp-json\/wp\/v2\/product_tag?post=61050"}],"curies":[{"name":"wp","href":"https:\/\/api.w.org\/{rel}","templated":true}]}}