{"id":61090,"date":"2021-07-12T19:21:33","date_gmt":"2021-07-12T17:21:47","guid":{"rendered":"https:\/\/www.laperlavalles2.bcntic.com\/product\/sauce-prune-lee-kum-kee\/"},"modified":"2023-06-23T12:34:42","modified_gmt":"2023-06-23T10:34:42","slug":"sauce-prune-lee-kum-kee","status":"publish","type":"product","link":"https:\/\/www.laperlavalles.cat\/fr\/produit\/sauce-prune-lee-kum-kee\/","title":{"rendered":"SAUCE PRUNE LEE KUM KEE"},"content":{"rendered":"<p>La sauce aux prunes Lee Kum Kee est une sauce \u00e0 base de prunes chinoises de qualit\u00e9, de gingembre et de piment. Parfait pour faire frire et tremper viandes, canard r\u00f4ti, les petits pains et autres ap\u00e9ritifs.<\/p>\n","protected":false},"excerpt":{"rendered":"<p>La sauce aux prunes Lee Kum Kee est une sauce \u00e0 base de prunes chinoises de qualit\u00e9, de gingembre et de piment. Parfait pour faire frire<span class=\"excerpt-hellip\"> [\u2026]<\/span><\/p>\n","protected":false},"featured_media":169383,"comment_status":"open","ping_status":"closed","template":"","meta":[],"product_cat":[8449,8580],"product_tag":[],"_links":{"self":[{"href":"https:\/\/www.laperlavalles.cat\/fr\/wp-json\/wp\/v2\/product\/61090"}],"collection":[{"href":"https:\/\/www.laperlavalles.cat\/fr\/wp-json\/wp\/v2\/product"}],"about":[{"href":"https:\/\/www.laperlavalles.cat\/fr\/wp-json\/wp\/v2\/types\/product"}],"replies":[{"embeddable":true,"href":"https:\/\/www.laperlavalles.cat\/fr\/wp-json\/wp\/v2\/comments?post=61090"}],"wp:featuredmedia":[{"embeddable":true,"href":"https:\/\/www.laperlavalles.cat\/fr\/wp-json\/wp\/v2\/media\/169383"}],"wp:attachment":[{"href":"https:\/\/www.laperlavalles.cat\/fr\/wp-json\/wp\/v2\/media?parent=61090"}],"wp:term":[{"taxonomy":"product_cat","embeddable":true,"href":"https:\/\/www.laperlavalles.cat\/fr\/wp-json\/wp\/v2\/product_cat?post=61090"},{"taxonomy":"product_tag","embeddable":true,"href":"https:\/\/www.laperlavalles.cat\/fr\/wp-json\/wp\/v2\/product_tag?post=61090"}],"curies":[{"name":"wp","href":"https:\/\/api.w.org\/{rel}","templated":true}]}}