{"id":61130,"date":"2021-07-12T19:22:17","date_gmt":"2021-07-12T17:22:32","guid":{"rendered":"https:\/\/www.laperlavalles2.bcntic.com\/product\/sauce-chili-bean-toban-djan-lee-kum-kee\/"},"modified":"2023-06-23T12:35:26","modified_gmt":"2023-06-23T10:35:26","slug":"sauce-chili-bean-toban-djan-lee-kum-kee","status":"publish","type":"product","link":"https:\/\/www.laperlavalles.cat\/fr\/produit\/sauce-chili-bean-toban-djan-lee-kum-kee\/","title":{"rendered":"SAUCE CHILI BEAN TOBAN DJAN LEE KUM KEE"},"content":{"rendered":"<p>La sauce chili bean sauce Lee Kum Kee est \u00e9galement connue sous le nom de sauce \u00abToban Djan\u00bb, c&rsquo;est une p\u00e2te d&rsquo;ingr\u00e9dients de style Sichuan avec un m\u00e9lange \u00e9pic\u00e9 de piments chili sal\u00e9s, de p\u00e2te de soja et de haricots.<br \/>\nLa sauce aux haricots chili Lee Kum Kee est un ingr\u00e9dient essentiel dans les plats saut\u00e9 chinois classiques comme le poulet Kung Pao et tous les plats v\u00e9g\u00e9tariens et saut\u00e9s.<\/p>\n","protected":false},"excerpt":{"rendered":"<p>La sauce chili bean sauce Lee Kum Kee est \u00e9galement connue sous le nom de sauce \u00abToban Djan\u00bb, c&rsquo;est une p\u00e2te d&rsquo;ingr\u00e9dients de style Sichuan avec<span class=\"excerpt-hellip\"> [\u2026]<\/span><\/p>\n","protected":false},"featured_media":169415,"comment_status":"open","ping_status":"closed","template":"","meta":[],"product_cat":[8449,8580],"product_tag":[],"_links":{"self":[{"href":"https:\/\/www.laperlavalles.cat\/fr\/wp-json\/wp\/v2\/product\/61130"}],"collection":[{"href":"https:\/\/www.laperlavalles.cat\/fr\/wp-json\/wp\/v2\/product"}],"about":[{"href":"https:\/\/www.laperlavalles.cat\/fr\/wp-json\/wp\/v2\/types\/product"}],"replies":[{"embeddable":true,"href":"https:\/\/www.laperlavalles.cat\/fr\/wp-json\/wp\/v2\/comments?post=61130"}],"wp:featuredmedia":[{"embeddable":true,"href":"https:\/\/www.laperlavalles.cat\/fr\/wp-json\/wp\/v2\/media\/169415"}],"wp:attachment":[{"href":"https:\/\/www.laperlavalles.cat\/fr\/wp-json\/wp\/v2\/media?parent=61130"}],"wp:term":[{"taxonomy":"product_cat","embeddable":true,"href":"https:\/\/www.laperlavalles.cat\/fr\/wp-json\/wp\/v2\/product_cat?post=61130"},{"taxonomy":"product_tag","embeddable":true,"href":"https:\/\/www.laperlavalles.cat\/fr\/wp-json\/wp\/v2\/product_tag?post=61130"}],"curies":[{"name":"wp","href":"https:\/\/api.w.org\/{rel}","templated":true}]}}