{"id":61250,"date":"2021-07-12T19:24:34","date_gmt":"2021-07-12T17:24:48","guid":{"rendered":"https:\/\/www.laperlavalles2.bcntic.com\/product\/sauce-peking-duck-lee-kum-kee\/"},"modified":"2023-06-23T12:38:07","modified_gmt":"2023-06-23T10:38:07","slug":"sauce-peking-duck-lee-kum-kee","status":"publish","type":"product","link":"https:\/\/www.laperlavalles.cat\/fr\/produit\/sauce-peking-duck-lee-kum-kee\/","title":{"rendered":"SAUCE PEKING DUCK LEE KUM KEE"},"content":{"rendered":"<p>La sauce au canard laqu\u00e9 de Lee Kum Kee est une sauce \u00e9pic\u00e9e sucr\u00e9e faite d&rsquo;\u00e9pices soigneusement s\u00e9lectionn\u00e9es telles que le piment, l&rsquo;ail et le soja moulu. Id\u00e9al pour mariner, tremper ou assaisonner le canard laqu\u00e9 croustillant.<\/p>\n","protected":false},"excerpt":{"rendered":"<p>La sauce au canard laqu\u00e9 de Lee Kum Kee est une sauce \u00e9pic\u00e9e sucr\u00e9e faite d&rsquo;\u00e9pices soigneusement s\u00e9lectionn\u00e9es telles que le piment, l&rsquo;ail et le soja<span class=\"excerpt-hellip\"> [\u2026]<\/span><\/p>\n","protected":false},"featured_media":169527,"comment_status":"open","ping_status":"closed","template":"","meta":[],"product_cat":[8449,8580],"product_tag":[],"_links":{"self":[{"href":"https:\/\/www.laperlavalles.cat\/fr\/wp-json\/wp\/v2\/product\/61250"}],"collection":[{"href":"https:\/\/www.laperlavalles.cat\/fr\/wp-json\/wp\/v2\/product"}],"about":[{"href":"https:\/\/www.laperlavalles.cat\/fr\/wp-json\/wp\/v2\/types\/product"}],"replies":[{"embeddable":true,"href":"https:\/\/www.laperlavalles.cat\/fr\/wp-json\/wp\/v2\/comments?post=61250"}],"wp:featuredmedia":[{"embeddable":true,"href":"https:\/\/www.laperlavalles.cat\/fr\/wp-json\/wp\/v2\/media\/169527"}],"wp:attachment":[{"href":"https:\/\/www.laperlavalles.cat\/fr\/wp-json\/wp\/v2\/media?parent=61250"}],"wp:term":[{"taxonomy":"product_cat","embeddable":true,"href":"https:\/\/www.laperlavalles.cat\/fr\/wp-json\/wp\/v2\/product_cat?post=61250"},{"taxonomy":"product_tag","embeddable":true,"href":"https:\/\/www.laperlavalles.cat\/fr\/wp-json\/wp\/v2\/product_tag?post=61250"}],"curies":[{"name":"wp","href":"https:\/\/api.w.org\/{rel}","templated":true}]}}