{"id":61270,"date":"2021-07-12T19:24:56","date_gmt":"2021-07-12T17:25:11","guid":{"rendered":"https:\/\/www.laperlavalles2.bcntic.com\/product\/sauce-champignon-veg-510g-lee-kum-kee\/"},"modified":"2024-07-10T11:29:37","modified_gmt":"2024-07-10T09:29:37","slug":"sauce-champignon-veg-510g-lee-kum-kee","status":"publish","type":"product","link":"https:\/\/www.laperlavalles.cat\/fr\/produit\/sauce-champignon-veg-510g-lee-kum-kee\/","title":{"rendered":"SAUCE CHAMPIGNON VEG 510G LEE KUM KEE"},"content":{"rendered":"<p>La sauce v\u00e9g\u00e9tarienne Lee Kum Kee est une alternative v\u00e9g\u00e9tarienne \u00e0 la sauce aux hu\u00eetres. Id\u00e9al pour faire sauter des plats chinois et peut \u00e9galement \u00eatre utilis\u00e9 comme trempette ou trempette.<br \/>\nLa Mushroom Vegetarian Stir-Fry Sauce Lee Kum Kee est une sauce orientale sans gluten, sans conservateurs ajout\u00e9s et adapt\u00e9e aux v\u00e9g\u00e9tariens et v\u00e9g\u00e9taliens.<\/p>\n","protected":false},"excerpt":{"rendered":"<p>La sauce v\u00e9g\u00e9tarienne Lee Kum Kee est une alternative v\u00e9g\u00e9tarienne \u00e0 la sauce aux hu\u00eetres. Id\u00e9al pour faire sauter des plats chinois et peut \u00e9galement \u00eatre<span class=\"excerpt-hellip\"> [\u2026]<\/span><\/p>\n","protected":false},"featured_media":169545,"comment_status":"open","ping_status":"closed","template":"","meta":[],"product_cat":[10616],"product_tag":[],"_links":{"self":[{"href":"https:\/\/www.laperlavalles.cat\/fr\/wp-json\/wp\/v2\/product\/61270"}],"collection":[{"href":"https:\/\/www.laperlavalles.cat\/fr\/wp-json\/wp\/v2\/product"}],"about":[{"href":"https:\/\/www.laperlavalles.cat\/fr\/wp-json\/wp\/v2\/types\/product"}],"replies":[{"embeddable":true,"href":"https:\/\/www.laperlavalles.cat\/fr\/wp-json\/wp\/v2\/comments?post=61270"}],"wp:featuredmedia":[{"embeddable":true,"href":"https:\/\/www.laperlavalles.cat\/fr\/wp-json\/wp\/v2\/media\/169545"}],"wp:attachment":[{"href":"https:\/\/www.laperlavalles.cat\/fr\/wp-json\/wp\/v2\/media?parent=61270"}],"wp:term":[{"taxonomy":"product_cat","embeddable":true,"href":"https:\/\/www.laperlavalles.cat\/fr\/wp-json\/wp\/v2\/product_cat?post=61270"},{"taxonomy":"product_tag","embeddable":true,"href":"https:\/\/www.laperlavalles.cat\/fr\/wp-json\/wp\/v2\/product_tag?post=61270"}],"curies":[{"name":"wp","href":"https:\/\/api.w.org\/{rel}","templated":true}]}}