{"id":61310,"date":"2021-07-12T19:25:42","date_gmt":"2021-07-12T17:25:56","guid":{"rendered":"https:\/\/www.laperlavalles2.bcntic.com\/product\/pate-de-curry-vert-aroy-d-50gr\/"},"modified":"2024-07-10T11:58:08","modified_gmt":"2024-07-10T09:58:08","slug":"pate-de-curry-vert-aroy-d-50gr","status":"publish","type":"product","link":"https:\/\/www.laperlavalles.cat\/fr\/produit\/pate-de-curry-vert-aroy-d-50gr\/","title":{"rendered":"P\u00c2T\u00c9 DE CURRY VERT AROY-D 50GR"},"content":{"rendered":"<p>P\u00e2te de curry vert Aroy-d. P\u00e2tes \u00e9pic\u00e9es tha\u00eflandaises.<\/p>\n","protected":false},"excerpt":{"rendered":"<p>P\u00e2te de curry vert Aroy-d. P\u00e2tes \u00e9pic\u00e9es tha\u00eflandaises.<\/p>\n","protected":false},"featured_media":171689,"comment_status":"open","ping_status":"closed","template":"","meta":[],"product_cat":[10616],"product_tag":[],"_links":{"self":[{"href":"https:\/\/www.laperlavalles.cat\/fr\/wp-json\/wp\/v2\/product\/61310"}],"collection":[{"href":"https:\/\/www.laperlavalles.cat\/fr\/wp-json\/wp\/v2\/product"}],"about":[{"href":"https:\/\/www.laperlavalles.cat\/fr\/wp-json\/wp\/v2\/types\/product"}],"replies":[{"embeddable":true,"href":"https:\/\/www.laperlavalles.cat\/fr\/wp-json\/wp\/v2\/comments?post=61310"}],"wp:featuredmedia":[{"embeddable":true,"href":"https:\/\/www.laperlavalles.cat\/fr\/wp-json\/wp\/v2\/media\/171689"}],"wp:attachment":[{"href":"https:\/\/www.laperlavalles.cat\/fr\/wp-json\/wp\/v2\/media?parent=61310"}],"wp:term":[{"taxonomy":"product_cat","embeddable":true,"href":"https:\/\/www.laperlavalles.cat\/fr\/wp-json\/wp\/v2\/product_cat?post=61310"},{"taxonomy":"product_tag","embeddable":true,"href":"https:\/\/www.laperlavalles.cat\/fr\/wp-json\/wp\/v2\/product_tag?post=61310"}],"curies":[{"name":"wp","href":"https:\/\/api.w.org\/{rel}","templated":true}]}}