{"id":61510,"date":"2021-07-12T19:29:24","date_gmt":"2021-07-12T17:29:38","guid":{"rendered":"https:\/\/www.laperlavalles2.bcntic.com\/product\/huile-de-coco-pure-the-elements-500ml\/"},"modified":"2024-06-10T14:29:30","modified_gmt":"2024-06-10T12:29:30","slug":"huile-de-coco-pure-the-elements-500ml","status":"publish","type":"product","link":"https:\/\/www.laperlavalles.cat\/fr\/produit\/huile-de-coco-pure-the-elements-500ml\/","title":{"rendered":"HUILE DE COCO PURE THE ELEMENTS 500ML"},"content":{"rendered":"<p>L&rsquo;huile de coco pure The Elements est une huile obtenue \u00e0 partir de noix de coco m\u00fbries au soleil. C&rsquo;est une huile non parfum\u00e9e tr\u00e8s polyvalente qui peut \u00eatre utilis\u00e9e \u00e0 la fois en cuisine et en soins de beaut\u00e9. Un produit con\u00e7u pour les magasins sp\u00e9cialis\u00e9s, les nutritionnistes, les supermarch\u00e9s et hypermarch\u00e9s, les restaurants, la cha\u00eene horeca ou la restauration haut de gamme.<\/p>\n","protected":false},"excerpt":{"rendered":"<p>L&rsquo;huile de coco pure The Elements est une huile obtenue \u00e0 partir de noix de coco m\u00fbries au soleil. C&rsquo;est une huile non parfum\u00e9e tr\u00e8s polyvalente<span class=\"excerpt-hellip\"> [\u2026]<\/span><\/p>\n","protected":false},"featured_media":151027,"comment_status":"open","ping_status":"closed","template":"","meta":[],"product_cat":[10616],"product_tag":[],"_links":{"self":[{"href":"https:\/\/www.laperlavalles.cat\/fr\/wp-json\/wp\/v2\/product\/61510"}],"collection":[{"href":"https:\/\/www.laperlavalles.cat\/fr\/wp-json\/wp\/v2\/product"}],"about":[{"href":"https:\/\/www.laperlavalles.cat\/fr\/wp-json\/wp\/v2\/types\/product"}],"replies":[{"embeddable":true,"href":"https:\/\/www.laperlavalles.cat\/fr\/wp-json\/wp\/v2\/comments?post=61510"}],"wp:featuredmedia":[{"embeddable":true,"href":"https:\/\/www.laperlavalles.cat\/fr\/wp-json\/wp\/v2\/media\/151027"}],"wp:attachment":[{"href":"https:\/\/www.laperlavalles.cat\/fr\/wp-json\/wp\/v2\/media?parent=61510"}],"wp:term":[{"taxonomy":"product_cat","embeddable":true,"href":"https:\/\/www.laperlavalles.cat\/fr\/wp-json\/wp\/v2\/product_cat?post=61510"},{"taxonomy":"product_tag","embeddable":true,"href":"https:\/\/www.laperlavalles.cat\/fr\/wp-json\/wp\/v2\/product_tag?post=61510"}],"curies":[{"name":"wp","href":"https:\/\/api.w.org\/{rel}","templated":true}]}}