{"id":61710,"date":"2021-07-12T19:33:05","date_gmt":"2021-07-12T17:33:19","guid":{"rendered":"https:\/\/www.laperlavalles2.bcntic.com\/product\/sauce-douce-chili-pour-rols-aroy-d-750ml\/"},"modified":"2023-06-23T10:18:04","modified_gmt":"2023-06-23T08:18:04","slug":"sauce-douce-chili-pour-rols-aroy-d-750ml","status":"publish","type":"product","link":"https:\/\/www.laperlavalles.cat\/fr\/produit\/sauce-douce-chili-pour-rols-aroy-d-750ml\/","title":{"rendered":"SAUCE DOUCE CHILI POUR ROLS AROY-D 750ML"},"content":{"rendered":"<p>Sauce chili douce pour petits pains Aroy-d est une sauce chili douce pour accompagner les nems. Il est moyennement \u00e9pic\u00e9 et a une saveur marqu\u00e9e de piment et une touche sucr\u00e9e.<\/p>\n","protected":false},"excerpt":{"rendered":"<p>Sauce chili douce pour petits pains Aroy-d est une sauce chili douce pour accompagner les nems. Il est moyennement \u00e9pic\u00e9 et a une saveur marqu\u00e9e de<span class=\"excerpt-hellip\"> [\u2026]<\/span><\/p>\n","protected":false},"featured_media":163209,"comment_status":"open","ping_status":"closed","template":"","meta":[],"product_cat":[8449,8580],"product_tag":[],"_links":{"self":[{"href":"https:\/\/www.laperlavalles.cat\/fr\/wp-json\/wp\/v2\/product\/61710"}],"collection":[{"href":"https:\/\/www.laperlavalles.cat\/fr\/wp-json\/wp\/v2\/product"}],"about":[{"href":"https:\/\/www.laperlavalles.cat\/fr\/wp-json\/wp\/v2\/types\/product"}],"replies":[{"embeddable":true,"href":"https:\/\/www.laperlavalles.cat\/fr\/wp-json\/wp\/v2\/comments?post=61710"}],"wp:featuredmedia":[{"embeddable":true,"href":"https:\/\/www.laperlavalles.cat\/fr\/wp-json\/wp\/v2\/media\/163209"}],"wp:attachment":[{"href":"https:\/\/www.laperlavalles.cat\/fr\/wp-json\/wp\/v2\/media?parent=61710"}],"wp:term":[{"taxonomy":"product_cat","embeddable":true,"href":"https:\/\/www.laperlavalles.cat\/fr\/wp-json\/wp\/v2\/product_cat?post=61710"},{"taxonomy":"product_tag","embeddable":true,"href":"https:\/\/www.laperlavalles.cat\/fr\/wp-json\/wp\/v2\/product_tag?post=61710"}],"curies":[{"name":"wp","href":"https:\/\/api.w.org\/{rel}","templated":true}]}}