{"id":61750,"date":"2021-07-12T19:33:49","date_gmt":"2021-07-12T17:34:03","guid":{"rendered":"https:\/\/www.laperlavalles2.bcntic.com\/product\/huile-verge-de-coco-the-elements-450ml\/"},"modified":"2024-06-10T14:18:49","modified_gmt":"2024-06-10T12:18:49","slug":"huile-verge-de-coco-the-elements-450ml","status":"publish","type":"product","link":"https:\/\/www.laperlavalles.cat\/fr\/produit\/huile-verge-de-coco-the-elements-450ml\/","title":{"rendered":"HUILE VERGE DE COCO THE ELEMENTS 450ML"},"content":{"rendered":"<p>L&rsquo;huile de coco extra vierge The Elements est une huile de premi\u00e8re qualit\u00e9 obtenue \u00e0 partir de noix de coco m\u00fbries au soleil et press\u00e9es \u00e0 froid, conservant ainsi toutes les propri\u00e9t\u00e9s et les ar\u00f4mes de l&rsquo;huile inchang\u00e9s. C&rsquo;est une huile polyvalente qui peut \u00eatre utilis\u00e9e \u00e0 la fois en cuisine et en soins de beaut\u00e9. Un produit con\u00e7u pour les magasins sp\u00e9cialis\u00e9s, les nutritionnistes, les supermarch\u00e9s et hypermarch\u00e9s, les restaurants, la cha\u00eene horeca ou la restauration haut de gamme.<\/p>\n","protected":false},"excerpt":{"rendered":"<p>L&rsquo;huile de coco extra vierge The Elements est une huile de premi\u00e8re qualit\u00e9 obtenue \u00e0 partir de noix de coco m\u00fbries au soleil et press\u00e9es \u00e0<span class=\"excerpt-hellip\"> [\u2026]<\/span><\/p>\n","protected":false},"featured_media":163241,"comment_status":"open","ping_status":"closed","template":"","meta":[],"product_cat":[10616],"product_tag":[],"_links":{"self":[{"href":"https:\/\/www.laperlavalles.cat\/fr\/wp-json\/wp\/v2\/product\/61750"}],"collection":[{"href":"https:\/\/www.laperlavalles.cat\/fr\/wp-json\/wp\/v2\/product"}],"about":[{"href":"https:\/\/www.laperlavalles.cat\/fr\/wp-json\/wp\/v2\/types\/product"}],"replies":[{"embeddable":true,"href":"https:\/\/www.laperlavalles.cat\/fr\/wp-json\/wp\/v2\/comments?post=61750"}],"wp:featuredmedia":[{"embeddable":true,"href":"https:\/\/www.laperlavalles.cat\/fr\/wp-json\/wp\/v2\/media\/163241"}],"wp:attachment":[{"href":"https:\/\/www.laperlavalles.cat\/fr\/wp-json\/wp\/v2\/media?parent=61750"}],"wp:term":[{"taxonomy":"product_cat","embeddable":true,"href":"https:\/\/www.laperlavalles.cat\/fr\/wp-json\/wp\/v2\/product_cat?post=61750"},{"taxonomy":"product_tag","embeddable":true,"href":"https:\/\/www.laperlavalles.cat\/fr\/wp-json\/wp\/v2\/product_tag?post=61750"}],"curies":[{"name":"wp","href":"https:\/\/api.w.org\/{rel}","templated":true}]}}