{"id":61810,"date":"2021-07-12T19:34:48","date_gmt":"2021-07-12T17:35:02","guid":{"rendered":"https:\/\/www.laperlavalles2.bcntic.com\/product\/pate-de-curry-jaune-aroy-d-400gr\/"},"modified":"2023-06-23T08:23:10","modified_gmt":"2023-06-23T06:23:10","slug":"pate-de-curry-jaune-aroy-d-400gr","status":"publish","type":"product","link":"https:\/\/www.laperlavalles.cat\/fr\/produit\/pate-de-curry-jaune-aroy-d-400gr\/","title":{"rendered":"P\u00c2T\u00c9 DE CURRY JAUNE AROY-D 400GR"},"content":{"rendered":"<p>P\u00e2te de curry jaune Aroy-d. P\u00e2tes \u00e9pic\u00e9es tha\u00eflandaises.<\/p>\n","protected":false},"excerpt":{"rendered":"<p>P\u00e2te de curry jaune Aroy-d. P\u00e2tes \u00e9pic\u00e9es tha\u00eflandaises.<\/p>\n","protected":false},"featured_media":158023,"comment_status":"open","ping_status":"closed","template":"","meta":[],"product_cat":[8449,8580],"product_tag":[],"_links":{"self":[{"href":"https:\/\/www.laperlavalles.cat\/fr\/wp-json\/wp\/v2\/product\/61810"}],"collection":[{"href":"https:\/\/www.laperlavalles.cat\/fr\/wp-json\/wp\/v2\/product"}],"about":[{"href":"https:\/\/www.laperlavalles.cat\/fr\/wp-json\/wp\/v2\/types\/product"}],"replies":[{"embeddable":true,"href":"https:\/\/www.laperlavalles.cat\/fr\/wp-json\/wp\/v2\/comments?post=61810"}],"wp:featuredmedia":[{"embeddable":true,"href":"https:\/\/www.laperlavalles.cat\/fr\/wp-json\/wp\/v2\/media\/158023"}],"wp:attachment":[{"href":"https:\/\/www.laperlavalles.cat\/fr\/wp-json\/wp\/v2\/media?parent=61810"}],"wp:term":[{"taxonomy":"product_cat","embeddable":true,"href":"https:\/\/www.laperlavalles.cat\/fr\/wp-json\/wp\/v2\/product_cat?post=61810"},{"taxonomy":"product_tag","embeddable":true,"href":"https:\/\/www.laperlavalles.cat\/fr\/wp-json\/wp\/v2\/product_tag?post=61810"}],"curies":[{"name":"wp","href":"https:\/\/api.w.org\/{rel}","templated":true}]}}