{"id":61910,"date":"2021-07-12T19:36:30","date_gmt":"2021-07-12T17:36:44","guid":{"rendered":"https:\/\/www.laperlavalles2.bcntic.com\/product\/pate-de-piment-avec-huile-de-soya\/"},"modified":"2023-06-23T08:24:54","modified_gmt":"2023-06-23T06:24:54","slug":"pate-de-piment-avec-huile-de-soya","status":"publish","type":"product","link":"https:\/\/www.laperlavalles.cat\/fr\/produit\/pate-de-piment-avec-huile-de-soya\/","title":{"rendered":"PAT\u00c9 DE PIMENT AVEC HUILE DE SOYA"},"content":{"rendered":"<p>P\u00e2te de chili avec de l&rsquo;huile de soja de marque Aroy-D.<br \/>\nAroy-D est la c\u00e9l\u00e8bre marque de produits alimentaires orientaux no. 1er en Tha\u00eflande.<\/p>\n","protected":false},"excerpt":{"rendered":"<p>P\u00e2te de chili avec de l&rsquo;huile de soja de marque Aroy-D. Aroy-D est la c\u00e9l\u00e8bre marque de produits alimentaires orientaux no. 1er en Tha\u00eflande.<\/p>\n","protected":false},"featured_media":158105,"comment_status":"open","ping_status":"closed","template":"","meta":[],"product_cat":[8449,8580],"product_tag":[],"_links":{"self":[{"href":"https:\/\/www.laperlavalles.cat\/fr\/wp-json\/wp\/v2\/product\/61910"}],"collection":[{"href":"https:\/\/www.laperlavalles.cat\/fr\/wp-json\/wp\/v2\/product"}],"about":[{"href":"https:\/\/www.laperlavalles.cat\/fr\/wp-json\/wp\/v2\/types\/product"}],"replies":[{"embeddable":true,"href":"https:\/\/www.laperlavalles.cat\/fr\/wp-json\/wp\/v2\/comments?post=61910"}],"wp:featuredmedia":[{"embeddable":true,"href":"https:\/\/www.laperlavalles.cat\/fr\/wp-json\/wp\/v2\/media\/158105"}],"wp:attachment":[{"href":"https:\/\/www.laperlavalles.cat\/fr\/wp-json\/wp\/v2\/media?parent=61910"}],"wp:term":[{"taxonomy":"product_cat","embeddable":true,"href":"https:\/\/www.laperlavalles.cat\/fr\/wp-json\/wp\/v2\/product_cat?post=61910"},{"taxonomy":"product_tag","embeddable":true,"href":"https:\/\/www.laperlavalles.cat\/fr\/wp-json\/wp\/v2\/product_tag?post=61910"}],"curies":[{"name":"wp","href":"https:\/\/api.w.org\/{rel}","templated":true}]}}