{"id":61930,"date":"2021-07-12T19:36:52","date_gmt":"2021-07-12T17:37:07","guid":{"rendered":"https:\/\/www.laperlavalles2.bcntic.com\/product\/sauce-aigre-douce-aroy-d-190ml\/"},"modified":"2023-06-23T08:26:45","modified_gmt":"2023-06-23T06:26:45","slug":"sauce-aigre-douce-aroy-d-190ml","status":"publish","type":"product","link":"https:\/\/www.laperlavalles.cat\/fr\/produit\/sauce-aigre-douce-aroy-d-190ml\/","title":{"rendered":"SAUCE AIGRE-DOUCE AROY-D 190ML"},"content":{"rendered":"<p>La sauce aigre-douce Aroy-d est une sauce de la cuisine traditionnelle asiatique et surtout tha\u00eflandaise qui m\u00e9lange des saveurs acides et sucr\u00e9es. Il s&rsquo;utilise pour assaisonner les rouleaux de printemps et en compl\u00e9ment de la friture, id\u00e9al pour accompagner des plats \u00e0 base de porc, poulet, b\u0153uf &#8230;<\/p>\n","protected":false},"excerpt":{"rendered":"<p>La sauce aigre-douce Aroy-d est une sauce de la cuisine traditionnelle asiatique et surtout tha\u00eflandaise qui m\u00e9lange des saveurs acides et sucr\u00e9es. Il s&rsquo;utilise pour assaisonner<span class=\"excerpt-hellip\"> [\u2026]<\/span><\/p>\n","protected":false},"featured_media":158153,"comment_status":"open","ping_status":"closed","template":"","meta":[],"product_cat":[8449,8580],"product_tag":[],"_links":{"self":[{"href":"https:\/\/www.laperlavalles.cat\/fr\/wp-json\/wp\/v2\/product\/61930"}],"collection":[{"href":"https:\/\/www.laperlavalles.cat\/fr\/wp-json\/wp\/v2\/product"}],"about":[{"href":"https:\/\/www.laperlavalles.cat\/fr\/wp-json\/wp\/v2\/types\/product"}],"replies":[{"embeddable":true,"href":"https:\/\/www.laperlavalles.cat\/fr\/wp-json\/wp\/v2\/comments?post=61930"}],"wp:featuredmedia":[{"embeddable":true,"href":"https:\/\/www.laperlavalles.cat\/fr\/wp-json\/wp\/v2\/media\/158153"}],"wp:attachment":[{"href":"https:\/\/www.laperlavalles.cat\/fr\/wp-json\/wp\/v2\/media?parent=61930"}],"wp:term":[{"taxonomy":"product_cat","embeddable":true,"href":"https:\/\/www.laperlavalles.cat\/fr\/wp-json\/wp\/v2\/product_cat?post=61930"},{"taxonomy":"product_tag","embeddable":true,"href":"https:\/\/www.laperlavalles.cat\/fr\/wp-json\/wp\/v2\/product_tag?post=61930"}],"curies":[{"name":"wp","href":"https:\/\/api.w.org\/{rel}","templated":true}]}}