{"id":61990,"date":"2021-07-12T19:37:48","date_gmt":"2021-07-12T17:38:01","guid":{"rendered":"https:\/\/www.laperlavalles2.bcntic.com\/product\/sauce-aji-oriental-200ml\/"},"modified":"2023-06-23T08:27:49","modified_gmt":"2023-06-23T06:27:49","slug":"sauce-aji-oriental-200ml","status":"publish","type":"product","link":"https:\/\/www.laperlavalles.cat\/fr\/produit\/sauce-aji-oriental-200ml\/","title":{"rendered":"SAUCE AJI ORIENTAL 200ML"},"content":{"rendered":"<p>La sauce orientale Aji est la principale marque de sauce piquante en \u00c9quateur et consomm\u00e9e par la majorit\u00e9 de la population latino-am\u00e9ricaine.<\/p>\n","protected":false},"excerpt":{"rendered":"<p>La sauce orientale Aji est la principale marque de sauce piquante en \u00c9quateur et consomm\u00e9e par la majorit\u00e9 de la population latino-am\u00e9ricaine.<\/p>\n","protected":false},"featured_media":158199,"comment_status":"open","ping_status":"closed","template":"","meta":[],"product_cat":[8449,8580],"product_tag":[],"_links":{"self":[{"href":"https:\/\/www.laperlavalles.cat\/fr\/wp-json\/wp\/v2\/product\/61990"}],"collection":[{"href":"https:\/\/www.laperlavalles.cat\/fr\/wp-json\/wp\/v2\/product"}],"about":[{"href":"https:\/\/www.laperlavalles.cat\/fr\/wp-json\/wp\/v2\/types\/product"}],"replies":[{"embeddable":true,"href":"https:\/\/www.laperlavalles.cat\/fr\/wp-json\/wp\/v2\/comments?post=61990"}],"wp:featuredmedia":[{"embeddable":true,"href":"https:\/\/www.laperlavalles.cat\/fr\/wp-json\/wp\/v2\/media\/158199"}],"wp:attachment":[{"href":"https:\/\/www.laperlavalles.cat\/fr\/wp-json\/wp\/v2\/media?parent=61990"}],"wp:term":[{"taxonomy":"product_cat","embeddable":true,"href":"https:\/\/www.laperlavalles.cat\/fr\/wp-json\/wp\/v2\/product_cat?post=61990"},{"taxonomy":"product_tag","embeddable":true,"href":"https:\/\/www.laperlavalles.cat\/fr\/wp-json\/wp\/v2\/product_tag?post=61990"}],"curies":[{"name":"wp","href":"https:\/\/api.w.org\/{rel}","templated":true}]}}