{"id":62010,"date":"2021-07-12T19:38:06","date_gmt":"2021-07-12T17:38:20","guid":{"rendered":"https:\/\/www.laperlavalles2.bcntic.com\/product\/sauce-de-soja-china-oriental-100ml\/"},"modified":"2023-06-23T08:28:11","modified_gmt":"2023-06-23T06:28:11","slug":"sauce-de-soja-china-oriental-100ml","status":"publish","type":"product","link":"https:\/\/www.laperlavalles.cat\/fr\/produit\/sauce-de-soja-china-oriental-100ml\/","title":{"rendered":"SAUCE DE SOJA CHINA ORIENTAL 100ML"},"content":{"rendered":"<p>La sauce soja chinoise orientale est la sauce soja chinoise bien connue, id\u00e9ale pour accompagner les repas orientaux et occidentaux, qu&rsquo;il s&rsquo;agisse de l\u00e9gumes frits, de riz, pan\u00e9s, ainsi que de soupes, salades, etc. C&rsquo;est un condiment sal\u00e9, mais avec une touche sucr\u00e9e.<\/p>\n","protected":false},"excerpt":{"rendered":"<p>La sauce soja chinoise orientale est la sauce soja chinoise bien connue, id\u00e9ale pour accompagner les repas orientaux et occidentaux, qu&rsquo;il s&rsquo;agisse de l\u00e9gumes frits, de<span class=\"excerpt-hellip\"> [\u2026]<\/span><\/p>\n","protected":false},"featured_media":158215,"comment_status":"open","ping_status":"closed","template":"","meta":[],"product_cat":[8449,8580],"product_tag":[],"_links":{"self":[{"href":"https:\/\/www.laperlavalles.cat\/fr\/wp-json\/wp\/v2\/product\/62010"}],"collection":[{"href":"https:\/\/www.laperlavalles.cat\/fr\/wp-json\/wp\/v2\/product"}],"about":[{"href":"https:\/\/www.laperlavalles.cat\/fr\/wp-json\/wp\/v2\/types\/product"}],"replies":[{"embeddable":true,"href":"https:\/\/www.laperlavalles.cat\/fr\/wp-json\/wp\/v2\/comments?post=62010"}],"wp:featuredmedia":[{"embeddable":true,"href":"https:\/\/www.laperlavalles.cat\/fr\/wp-json\/wp\/v2\/media\/158215"}],"wp:attachment":[{"href":"https:\/\/www.laperlavalles.cat\/fr\/wp-json\/wp\/v2\/media?parent=62010"}],"wp:term":[{"taxonomy":"product_cat","embeddable":true,"href":"https:\/\/www.laperlavalles.cat\/fr\/wp-json\/wp\/v2\/product_cat?post=62010"},{"taxonomy":"product_tag","embeddable":true,"href":"https:\/\/www.laperlavalles.cat\/fr\/wp-json\/wp\/v2\/product_tag?post=62010"}],"curies":[{"name":"wp","href":"https:\/\/api.w.org\/{rel}","templated":true}]}}