{"id":62250,"date":"2021-07-12T19:42:01","date_gmt":"2021-07-12T17:42:14","guid":{"rendered":"https:\/\/www.laperlavalles2.bcntic.com\/product\/sauce-maggi-arome-960ml\/"},"modified":"2023-06-23T08:13:31","modified_gmt":"2023-06-23T06:13:31","slug":"sauce-maggi-arome-960ml","status":"publish","type":"product","link":"https:\/\/www.laperlavalles.cat\/fr\/produit\/sauce-maggi-arome-960ml\/","title":{"rendered":"SAUCE MAGGI AROME 960ML"},"content":{"rendered":"<p>Maggi Arome est un condiment liquide id\u00e9al pour sublimer et parfumer vos plats. La Sauce Maggi Arome vous permet de donner une touche diff\u00e9renciante \u00e0 vos recettes. La Sauce Maggi Arome est id\u00e9ale pour mariner les viandes, ajouter une touche diff\u00e9rente \u00e0 la vinaigrette de vos salades, assaisonner viandes ou poissons, ou encore pour pr\u00e9parer des cocktails&#8230;<\/p>\n","protected":false},"excerpt":{"rendered":"<p>Maggi Arome est un condiment liquide id\u00e9al pour sublimer et parfumer vos plats. La Sauce Maggi Arome vous permet de donner une touche diff\u00e9renciante \u00e0 vos<span class=\"excerpt-hellip\"> [\u2026]<\/span><\/p>\n","protected":false},"featured_media":157585,"comment_status":"open","ping_status":"closed","template":"","meta":[],"product_cat":[14424],"product_tag":[],"_links":{"self":[{"href":"https:\/\/www.laperlavalles.cat\/fr\/wp-json\/wp\/v2\/product\/62250"}],"collection":[{"href":"https:\/\/www.laperlavalles.cat\/fr\/wp-json\/wp\/v2\/product"}],"about":[{"href":"https:\/\/www.laperlavalles.cat\/fr\/wp-json\/wp\/v2\/types\/product"}],"replies":[{"embeddable":true,"href":"https:\/\/www.laperlavalles.cat\/fr\/wp-json\/wp\/v2\/comments?post=62250"}],"wp:featuredmedia":[{"embeddable":true,"href":"https:\/\/www.laperlavalles.cat\/fr\/wp-json\/wp\/v2\/media\/157585"}],"wp:attachment":[{"href":"https:\/\/www.laperlavalles.cat\/fr\/wp-json\/wp\/v2\/media?parent=62250"}],"wp:term":[{"taxonomy":"product_cat","embeddable":true,"href":"https:\/\/www.laperlavalles.cat\/fr\/wp-json\/wp\/v2\/product_cat?post=62250"},{"taxonomy":"product_tag","embeddable":true,"href":"https:\/\/www.laperlavalles.cat\/fr\/wp-json\/wp\/v2\/product_tag?post=62250"}],"curies":[{"name":"wp","href":"https:\/\/api.w.org\/{rel}","templated":true}]}}