{"id":62310,"date":"2021-07-12T19:42:58","date_gmt":"2021-07-12T17:43:11","guid":{"rendered":"https:\/\/www.laperlavalles2.bcntic.com\/product\/sauce-piquante-sonia\/"},"modified":"2023-06-23T08:14:34","modified_gmt":"2023-06-23T06:14:34","slug":"sauce-piquante-sonia","status":"publish","type":"product","link":"https:\/\/www.laperlavalles.cat\/fr\/produit\/sauce-piquante-sonia\/","title":{"rendered":"SAUCE PIQUANTE SONIA"},"content":{"rendered":"<p>La sauce \u00e9pic\u00e9e Sonia est la c\u00e9l\u00e8bre sauce \u00e9pic\u00e9e Sonia \u00abPathial-Pathial\u00bb originale du S\u00e9n\u00e9gal.<\/p>\n","protected":false},"excerpt":{"rendered":"<p>La sauce \u00e9pic\u00e9e Sonia est la c\u00e9l\u00e8bre sauce \u00e9pic\u00e9e Sonia \u00abPathial-Pathial\u00bb originale du S\u00e9n\u00e9gal.<\/p>\n","protected":false},"featured_media":157633,"comment_status":"open","ping_status":"closed","template":"","meta":[],"product_cat":[14424],"product_tag":[],"_links":{"self":[{"href":"https:\/\/www.laperlavalles.cat\/fr\/wp-json\/wp\/v2\/product\/62310"}],"collection":[{"href":"https:\/\/www.laperlavalles.cat\/fr\/wp-json\/wp\/v2\/product"}],"about":[{"href":"https:\/\/www.laperlavalles.cat\/fr\/wp-json\/wp\/v2\/types\/product"}],"replies":[{"embeddable":true,"href":"https:\/\/www.laperlavalles.cat\/fr\/wp-json\/wp\/v2\/comments?post=62310"}],"wp:featuredmedia":[{"embeddable":true,"href":"https:\/\/www.laperlavalles.cat\/fr\/wp-json\/wp\/v2\/media\/157633"}],"wp:attachment":[{"href":"https:\/\/www.laperlavalles.cat\/fr\/wp-json\/wp\/v2\/media?parent=62310"}],"wp:term":[{"taxonomy":"product_cat","embeddable":true,"href":"https:\/\/www.laperlavalles.cat\/fr\/wp-json\/wp\/v2\/product_cat?post=62310"},{"taxonomy":"product_tag","embeddable":true,"href":"https:\/\/www.laperlavalles.cat\/fr\/wp-json\/wp\/v2\/product_tag?post=62310"}],"curies":[{"name":"wp","href":"https:\/\/api.w.org\/{rel}","templated":true}]}}