{"id":62350,"date":"2021-07-12T19:43:34","date_gmt":"2021-07-12T17:43:46","guid":{"rendered":"https:\/\/www.laperlavalles2.bcntic.com\/product\/moutarde-dijona-a-lancienne\/"},"modified":"2023-06-23T09:57:03","modified_gmt":"2023-06-23T07:57:03","slug":"moutarde-dijona-a-lancienne","status":"publish","type":"product","link":"https:\/\/www.laperlavalles.cat\/fr\/produit\/moutarde-dijona-a-lancienne\/","title":{"rendered":"MOUTARDE DIJONA \u00c0 L&rsquo;ANCIENNE"},"content":{"rendered":"<p>La moutarde Dijona \u00e0 l&rsquo;ancienne est la moutarde traditionnelle \u00e0 base de grosses graines de moutarde, ce qui lui donne une texture granuleuse.<\/p>\n","protected":false},"excerpt":{"rendered":"<p>La moutarde Dijona \u00e0 l&rsquo;ancienne est la moutarde traditionnelle \u00e0 base de grosses graines de moutarde, ce qui lui donne une texture granuleuse.<\/p>\n","protected":false},"featured_media":162297,"comment_status":"open","ping_status":"closed","template":"","meta":[],"product_cat":[14424],"product_tag":[],"_links":{"self":[{"href":"https:\/\/www.laperlavalles.cat\/fr\/wp-json\/wp\/v2\/product\/62350"}],"collection":[{"href":"https:\/\/www.laperlavalles.cat\/fr\/wp-json\/wp\/v2\/product"}],"about":[{"href":"https:\/\/www.laperlavalles.cat\/fr\/wp-json\/wp\/v2\/types\/product"}],"replies":[{"embeddable":true,"href":"https:\/\/www.laperlavalles.cat\/fr\/wp-json\/wp\/v2\/comments?post=62350"}],"wp:featuredmedia":[{"embeddable":true,"href":"https:\/\/www.laperlavalles.cat\/fr\/wp-json\/wp\/v2\/media\/162297"}],"wp:attachment":[{"href":"https:\/\/www.laperlavalles.cat\/fr\/wp-json\/wp\/v2\/media?parent=62350"}],"wp:term":[{"taxonomy":"product_cat","embeddable":true,"href":"https:\/\/www.laperlavalles.cat\/fr\/wp-json\/wp\/v2\/product_cat?post=62350"},{"taxonomy":"product_tag","embeddable":true,"href":"https:\/\/www.laperlavalles.cat\/fr\/wp-json\/wp\/v2\/product_tag?post=62350"}],"curies":[{"name":"wp","href":"https:\/\/api.w.org\/{rel}","templated":true}]}}