{"id":62410,"date":"2021-07-12T19:44:31","date_gmt":"2021-07-12T17:44:45","guid":{"rendered":"https:\/\/www.laperlavalles2.bcntic.com\/product\/creme-de-sesame-the-elements-350g\/"},"modified":"2023-06-26T15:28:18","modified_gmt":"2023-06-26T13:28:18","slug":"creme-de-sesame-the-elements-350g","status":"publish","type":"product","link":"https:\/\/www.laperlavalles.cat\/fr\/produit\/creme-de-sesame-the-elements-350g\/","title":{"rendered":"CR\u00c8ME DE S\u00c9SAME THE ELEMENTS 350G"},"content":{"rendered":"<p>Tahina The Elements est une cr\u00e8me de s\u00e9same 100% naturelle \u00e0 base de graines de s\u00e9same torr\u00e9fi\u00e9es. C&rsquo;est un produit incontournable dans tout supermarch\u00e9, hypermarch\u00e9, magasin sp\u00e9cialis\u00e9, ou tout distributeur alimentaire pour la cha\u00eene horeca et la restauration pour les collectivit\u00e9s.<\/p>\n","protected":false},"excerpt":{"rendered":"<p>Tahina The Elements est une cr\u00e8me de s\u00e9same 100% naturelle \u00e0 base de graines de s\u00e9same torr\u00e9fi\u00e9es. C&rsquo;est un produit incontournable dans tout supermarch\u00e9, hypermarch\u00e9, magasin<span class=\"excerpt-hellip\"> [\u2026]<\/span><\/p>\n","protected":false},"featured_media":150851,"comment_status":"open","ping_status":"closed","template":"","meta":[],"product_cat":[14424],"product_tag":[],"_links":{"self":[{"href":"https:\/\/www.laperlavalles.cat\/fr\/wp-json\/wp\/v2\/product\/62410"}],"collection":[{"href":"https:\/\/www.laperlavalles.cat\/fr\/wp-json\/wp\/v2\/product"}],"about":[{"href":"https:\/\/www.laperlavalles.cat\/fr\/wp-json\/wp\/v2\/types\/product"}],"replies":[{"embeddable":true,"href":"https:\/\/www.laperlavalles.cat\/fr\/wp-json\/wp\/v2\/comments?post=62410"}],"wp:featuredmedia":[{"embeddable":true,"href":"https:\/\/www.laperlavalles.cat\/fr\/wp-json\/wp\/v2\/media\/150851"}],"wp:attachment":[{"href":"https:\/\/www.laperlavalles.cat\/fr\/wp-json\/wp\/v2\/media?parent=62410"}],"wp:term":[{"taxonomy":"product_cat","embeddable":true,"href":"https:\/\/www.laperlavalles.cat\/fr\/wp-json\/wp\/v2\/product_cat?post=62410"},{"taxonomy":"product_tag","embeddable":true,"href":"https:\/\/www.laperlavalles.cat\/fr\/wp-json\/wp\/v2\/product_tag?post=62410"}],"curies":[{"name":"wp","href":"https:\/\/api.w.org\/{rel}","templated":true}]}}