{"id":62430,"date":"2021-07-12T19:44:53","date_gmt":"2021-07-12T17:45:07","guid":{"rendered":"https:\/\/www.laperlavalles2.bcntic.com\/product\/paste-du-gimgebre-ktc-210gr\/"},"modified":"2023-06-23T10:50:02","modified_gmt":"2023-06-23T08:50:02","slug":"paste-du-gimgebre-ktc-210gr","status":"publish","type":"product","link":"https:\/\/www.laperlavalles.cat\/fr\/produit\/paste-du-gimgebre-ktc-210gr\/","title":{"rendered":"PAST\u00ca DU GIMGEBRE KTC 210GR"},"content":{"rendered":"<p>P\u00e2te de gingembre KTC est une sauce \u00e0 base de gingembre frais. La Perla distribue des sauces et condiments aux magasins, supermarch\u00e9s, cha\u00eenes de supermarch\u00e9s, restaurants, distributeurs horeca &#8230;<\/p>\n","protected":false},"excerpt":{"rendered":"<p>P\u00e2te de gingembre KTC est une sauce \u00e0 base de gingembre frais. La Perla distribue des sauces et condiments aux magasins, supermarch\u00e9s, cha\u00eenes de supermarch\u00e9s, restaurants,<span class=\"excerpt-hellip\"> [\u2026]<\/span><\/p>\n","protected":false},"featured_media":164649,"comment_status":"open","ping_status":"closed","template":"","meta":[],"product_cat":[14424],"product_tag":[],"_links":{"self":[{"href":"https:\/\/www.laperlavalles.cat\/fr\/wp-json\/wp\/v2\/product\/62430"}],"collection":[{"href":"https:\/\/www.laperlavalles.cat\/fr\/wp-json\/wp\/v2\/product"}],"about":[{"href":"https:\/\/www.laperlavalles.cat\/fr\/wp-json\/wp\/v2\/types\/product"}],"replies":[{"embeddable":true,"href":"https:\/\/www.laperlavalles.cat\/fr\/wp-json\/wp\/v2\/comments?post=62430"}],"wp:featuredmedia":[{"embeddable":true,"href":"https:\/\/www.laperlavalles.cat\/fr\/wp-json\/wp\/v2\/media\/164649"}],"wp:attachment":[{"href":"https:\/\/www.laperlavalles.cat\/fr\/wp-json\/wp\/v2\/media?parent=62430"}],"wp:term":[{"taxonomy":"product_cat","embeddable":true,"href":"https:\/\/www.laperlavalles.cat\/fr\/wp-json\/wp\/v2\/product_cat?post=62430"},{"taxonomy":"product_tag","embeddable":true,"href":"https:\/\/www.laperlavalles.cat\/fr\/wp-json\/wp\/v2\/product_tag?post=62430"}],"curies":[{"name":"wp","href":"https:\/\/api.w.org\/{rel}","templated":true}]}}