{"id":62470,"date":"2021-07-12T19:45:38","date_gmt":"2021-07-12T17:45:51","guid":{"rendered":"https:\/\/www.laperlavalles2.bcntic.com\/product\/paste-ail-ktc-210gr\/"},"modified":"2023-06-26T15:30:25","modified_gmt":"2023-06-26T13:30:25","slug":"paste-ail-ktc-210gr","status":"publish","type":"product","link":"https:\/\/www.laperlavalles.cat\/fr\/produit\/paste-ail-ktc-210gr\/","title":{"rendered":"PAST\u00ca AIL KTC 210GR"},"content":{"rendered":"<p>P\u00e2te d&rsquo;ail KTC est une sauce \u00e0 base d&rsquo;ail. La Perla distribue des sauces et condiments aux magasins, supermarch\u00e9s, cha\u00eenes de supermarch\u00e9s, restaurants, distributeurs horeca &#8230;<\/p>\n","protected":false},"excerpt":{"rendered":"<p>P\u00e2te d&rsquo;ail KTC est une sauce \u00e0 base d&rsquo;ail. La Perla distribue des sauces et condiments aux magasins, supermarch\u00e9s, cha\u00eenes de supermarch\u00e9s, restaurants, distributeurs horeca &#8230;<\/p>\n","protected":false},"featured_media":152021,"comment_status":"open","ping_status":"closed","template":"","meta":[],"product_cat":[14424],"product_tag":[],"_links":{"self":[{"href":"https:\/\/www.laperlavalles.cat\/fr\/wp-json\/wp\/v2\/product\/62470"}],"collection":[{"href":"https:\/\/www.laperlavalles.cat\/fr\/wp-json\/wp\/v2\/product"}],"about":[{"href":"https:\/\/www.laperlavalles.cat\/fr\/wp-json\/wp\/v2\/types\/product"}],"replies":[{"embeddable":true,"href":"https:\/\/www.laperlavalles.cat\/fr\/wp-json\/wp\/v2\/comments?post=62470"}],"wp:featuredmedia":[{"embeddable":true,"href":"https:\/\/www.laperlavalles.cat\/fr\/wp-json\/wp\/v2\/media\/152021"}],"wp:attachment":[{"href":"https:\/\/www.laperlavalles.cat\/fr\/wp-json\/wp\/v2\/media?parent=62470"}],"wp:term":[{"taxonomy":"product_cat","embeddable":true,"href":"https:\/\/www.laperlavalles.cat\/fr\/wp-json\/wp\/v2\/product_cat?post=62470"},{"taxonomy":"product_tag","embeddable":true,"href":"https:\/\/www.laperlavalles.cat\/fr\/wp-json\/wp\/v2\/product_tag?post=62470"}],"curies":[{"name":"wp","href":"https:\/\/api.w.org\/{rel}","templated":true}]}}