{"id":62530,"date":"2021-07-12T19:46:44","date_gmt":"2021-07-12T17:46:57","guid":{"rendered":"https:\/\/www.laperlavalles2.bcntic.com\/product\/jus-de-citron-concentre-lemon-lovers\/"},"modified":"2023-06-23T12:26:40","modified_gmt":"2023-06-23T10:26:40","slug":"jus-de-citron-concentre-lemon-lovers","status":"publish","type":"product","link":"https:\/\/www.laperlavalles.cat\/fr\/produit\/jus-de-citron-concentre-lemon-lovers\/","title":{"rendered":"JUS DE CITRON CONCENTR\u00c9 LEMON LOVERS"},"content":{"rendered":"<p>Lemon Lovers Lemon Juice est un jus de citron concentr\u00e9 \u00e0 partir de concentr\u00e9 de citron. C&rsquo;est un jus de citron pour la pr\u00e9paration culinaire. La Perla distribue toutes sortes de sauces pour les supermarch\u00e9s, magasins, grossistes, restaurants, distributeurs horeca &#8230;<\/p>\n","protected":false},"excerpt":{"rendered":"<p>Lemon Lovers Lemon Juice est un jus de citron concentr\u00e9 \u00e0 partir de concentr\u00e9 de citron. C&rsquo;est un jus de citron pour la pr\u00e9paration culinaire. La<span class=\"excerpt-hellip\"> [\u2026]<\/span><\/p>\n","protected":false},"featured_media":169031,"comment_status":"open","ping_status":"closed","template":"","meta":[],"product_cat":[10616],"product_tag":[],"_links":{"self":[{"href":"https:\/\/www.laperlavalles.cat\/fr\/wp-json\/wp\/v2\/product\/62530"}],"collection":[{"href":"https:\/\/www.laperlavalles.cat\/fr\/wp-json\/wp\/v2\/product"}],"about":[{"href":"https:\/\/www.laperlavalles.cat\/fr\/wp-json\/wp\/v2\/types\/product"}],"replies":[{"embeddable":true,"href":"https:\/\/www.laperlavalles.cat\/fr\/wp-json\/wp\/v2\/comments?post=62530"}],"wp:featuredmedia":[{"embeddable":true,"href":"https:\/\/www.laperlavalles.cat\/fr\/wp-json\/wp\/v2\/media\/169031"}],"wp:attachment":[{"href":"https:\/\/www.laperlavalles.cat\/fr\/wp-json\/wp\/v2\/media?parent=62530"}],"wp:term":[{"taxonomy":"product_cat","embeddable":true,"href":"https:\/\/www.laperlavalles.cat\/fr\/wp-json\/wp\/v2\/product_cat?post=62530"},{"taxonomy":"product_tag","embeddable":true,"href":"https:\/\/www.laperlavalles.cat\/fr\/wp-json\/wp\/v2\/product_tag?post=62530"}],"curies":[{"name":"wp","href":"https:\/\/api.w.org\/{rel}","templated":true}]}}