{"id":62570,"date":"2021-07-12T19:47:28","date_gmt":"2021-07-12T17:47:43","guid":{"rendered":"https:\/\/www.laperlavalles2.bcntic.com\/product\/creme-de-sesame-halah-5kg\/"},"modified":"2023-06-23T11:52:09","modified_gmt":"2023-06-23T09:52:09","slug":"creme-de-sesame-halah-5kg","status":"publish","type":"product","link":"https:\/\/www.laperlavalles.cat\/fr\/produit\/creme-de-sesame-halah-5kg\/","title":{"rendered":"CR\u00c8ME DE S\u00c9SAME HALAH 5KG"},"content":{"rendered":"<p>Tahina Halah  est une cr\u00e8me de s\u00e9same 100% naturelle \u00e0 base de graines de s\u00e9same torr\u00e9fi\u00e9es. C&rsquo;est un produit incontournable dans tout supermarch\u00e9, hypermarch\u00e9, magasin sp\u00e9cialis\u00e9, ou tout distributeur alimentaire pour la cha\u00eene horeca et la restauration pour les collectivit\u00e9s.<\/p>\n","protected":false},"excerpt":{"rendered":"<p>Tahina Halah est une cr\u00e8me de s\u00e9same 100% naturelle \u00e0 base de graines de s\u00e9same torr\u00e9fi\u00e9es. C&rsquo;est un produit incontournable dans tout supermarch\u00e9, hypermarch\u00e9, magasin sp\u00e9cialis\u00e9,<span class=\"excerpt-hellip\"> [\u2026]<\/span><\/p>\n","protected":false},"featured_media":167463,"comment_status":"open","ping_status":"closed","template":"","meta":[],"product_cat":[14424],"product_tag":[],"_links":{"self":[{"href":"https:\/\/www.laperlavalles.cat\/fr\/wp-json\/wp\/v2\/product\/62570"}],"collection":[{"href":"https:\/\/www.laperlavalles.cat\/fr\/wp-json\/wp\/v2\/product"}],"about":[{"href":"https:\/\/www.laperlavalles.cat\/fr\/wp-json\/wp\/v2\/types\/product"}],"replies":[{"embeddable":true,"href":"https:\/\/www.laperlavalles.cat\/fr\/wp-json\/wp\/v2\/comments?post=62570"}],"wp:featuredmedia":[{"embeddable":true,"href":"https:\/\/www.laperlavalles.cat\/fr\/wp-json\/wp\/v2\/media\/167463"}],"wp:attachment":[{"href":"https:\/\/www.laperlavalles.cat\/fr\/wp-json\/wp\/v2\/media?parent=62570"}],"wp:term":[{"taxonomy":"product_cat","embeddable":true,"href":"https:\/\/www.laperlavalles.cat\/fr\/wp-json\/wp\/v2\/product_cat?post=62570"},{"taxonomy":"product_tag","embeddable":true,"href":"https:\/\/www.laperlavalles.cat\/fr\/wp-json\/wp\/v2\/product_tag?post=62570"}],"curies":[{"name":"wp","href":"https:\/\/api.w.org\/{rel}","templated":true}]}}