{"id":63010,"date":"2021-07-12T19:55:01","date_gmt":"2021-07-12T17:55:15","guid":{"rendered":"https:\/\/www.laperlavalles2.bcntic.com\/product\/malte-guinness-bouteille-33cl\/"},"modified":"2023-06-23T07:50:51","modified_gmt":"2023-06-23T05:50:51","slug":"malte-guinness-bouteille-33cl","status":"publish","type":"product","link":"https:\/\/www.laperlavalles.cat\/fr\/produit\/malte-guinness-bouteille-33cl\/","title":{"rendered":"Malte Guinness bouteille 33cl"},"content":{"rendered":"<p>La boisson malt\u00e9e Guinness est la boisson malt\u00e9e pr\u00e9f\u00e9r\u00e9e dans une grande partie de l&rsquo;Afrique, mais en particulier au Nigeria pour sa bont\u00e9, son \u00e9nergie et sa vitalit\u00e9.<br \/>\nLe malt Guinness ne contient pas d&rsquo;alcool, ce qui le rend id\u00e9al dans toutes les r\u00e9gions.<\/p>\n","protected":false},"excerpt":{"rendered":"<p>La boisson malt\u00e9e Guinness est la boisson malt\u00e9e pr\u00e9f\u00e9r\u00e9e dans une grande partie de l&rsquo;Afrique, mais en particulier au Nigeria pour sa bont\u00e9, son \u00e9nergie et<span class=\"excerpt-hellip\"> [\u2026]<\/span><\/p>\n","protected":false},"featured_media":156559,"comment_status":"open","ping_status":"closed","template":"","meta":[],"product_cat":[8445,8582],"product_tag":[],"_links":{"self":[{"href":"https:\/\/www.laperlavalles.cat\/fr\/wp-json\/wp\/v2\/product\/63010"}],"collection":[{"href":"https:\/\/www.laperlavalles.cat\/fr\/wp-json\/wp\/v2\/product"}],"about":[{"href":"https:\/\/www.laperlavalles.cat\/fr\/wp-json\/wp\/v2\/types\/product"}],"replies":[{"embeddable":true,"href":"https:\/\/www.laperlavalles.cat\/fr\/wp-json\/wp\/v2\/comments?post=63010"}],"wp:featuredmedia":[{"embeddable":true,"href":"https:\/\/www.laperlavalles.cat\/fr\/wp-json\/wp\/v2\/media\/156559"}],"wp:attachment":[{"href":"https:\/\/www.laperlavalles.cat\/fr\/wp-json\/wp\/v2\/media?parent=63010"}],"wp:term":[{"taxonomy":"product_cat","embeddable":true,"href":"https:\/\/www.laperlavalles.cat\/fr\/wp-json\/wp\/v2\/product_cat?post=63010"},{"taxonomy":"product_tag","embeddable":true,"href":"https:\/\/www.laperlavalles.cat\/fr\/wp-json\/wp\/v2\/product_tag?post=63010"}],"curies":[{"name":"wp","href":"https:\/\/api.w.org\/{rel}","templated":true}]}}