{"id":63050,"date":"2021-07-12T19:55:46","date_gmt":"2021-07-12T17:56:00","guid":{"rendered":"https:\/\/www.laperlavalles2.bcntic.com\/product\/malte-hyper-malt-cannette-33cl\/"},"modified":"2023-06-23T07:51:36","modified_gmt":"2023-06-23T05:51:36","slug":"malte-hyper-malt-cannette-33cl","status":"publish","type":"product","link":"https:\/\/www.laperlavalles.cat\/fr\/produit\/malte-hyper-malt-cannette-33cl\/","title":{"rendered":"Malte Hyper Malt cannette 33cl"},"content":{"rendered":"<p>La boisson malt\u00e9e Hyper Malt est une boisson sucr\u00e9e, sombre et nutritive faite uniquement avec les meilleurs ingr\u00e9dients.<br \/>\nHyper Malt ne contient pas d&rsquo;alcool, il est donc id\u00e9al dans toutes les r\u00e9gions.<br \/>\nIl est connu pour son go\u00fbt de malt, son corps intense et sa d\u00e9licieuse douceur. Il est fabriqu\u00e9 \u00e0 partir d&rsquo;ingr\u00e9dients naturels (se compose de trois malts diff\u00e9rents: Pilsner, Munich et malt caramel) et avec des m\u00e9thodes traditionnelles.<br \/>\nRiche en vitamine B, contient de la biotine et de la vitamine B12, sans extrait de malt, conservateurs ni ar\u00f4mes artificiels.<\/p>\n","protected":false},"excerpt":{"rendered":"<p>La boisson malt\u00e9e Hyper Malt est une boisson sucr\u00e9e, sombre et nutritive faite uniquement avec les meilleurs ingr\u00e9dients. Hyper Malt ne contient pas d&rsquo;alcool, il est<span class=\"excerpt-hellip\"> [\u2026]<\/span><\/p>\n","protected":false},"featured_media":156591,"comment_status":"open","ping_status":"closed","template":"","meta":[],"product_cat":[8445,8582],"product_tag":[],"_links":{"self":[{"href":"https:\/\/www.laperlavalles.cat\/fr\/wp-json\/wp\/v2\/product\/63050"}],"collection":[{"href":"https:\/\/www.laperlavalles.cat\/fr\/wp-json\/wp\/v2\/product"}],"about":[{"href":"https:\/\/www.laperlavalles.cat\/fr\/wp-json\/wp\/v2\/types\/product"}],"replies":[{"embeddable":true,"href":"https:\/\/www.laperlavalles.cat\/fr\/wp-json\/wp\/v2\/comments?post=63050"}],"wp:featuredmedia":[{"embeddable":true,"href":"https:\/\/www.laperlavalles.cat\/fr\/wp-json\/wp\/v2\/media\/156591"}],"wp:attachment":[{"href":"https:\/\/www.laperlavalles.cat\/fr\/wp-json\/wp\/v2\/media?parent=63050"}],"wp:term":[{"taxonomy":"product_cat","embeddable":true,"href":"https:\/\/www.laperlavalles.cat\/fr\/wp-json\/wp\/v2\/product_cat?post=63050"},{"taxonomy":"product_tag","embeddable":true,"href":"https:\/\/www.laperlavalles.cat\/fr\/wp-json\/wp\/v2\/product_tag?post=63050"}],"curies":[{"name":"wp","href":"https:\/\/api.w.org\/{rel}","templated":true}]}}