{"id":63070,"date":"2021-07-12T19:56:08","date_gmt":"2021-07-12T17:56:23","guid":{"rendered":"https:\/\/www.laperlavalles2.bcntic.com\/product\/malte-power-malt-bouteille-33cl\/"},"modified":"2023-06-23T07:51:59","modified_gmt":"2023-06-23T05:51:59","slug":"malte-power-malt-bouteille-33cl","status":"publish","type":"product","link":"https:\/\/www.laperlavalles.cat\/fr\/produit\/malte-power-malt-bouteille-33cl\/","title":{"rendered":"Malte Power Malt bouteille 33cl"},"content":{"rendered":"<p>La boisson malt\u00e9e Power Malt est une boisson sucr\u00e9e, sombre et nutritive faite uniquement avec les meilleurs ingr\u00e9dients.<br \/>\nPower Malt ne contient pas d&rsquo;alcool, il est donc id\u00e9al dans toutes les r\u00e9gions.<\/p>\n","protected":false},"excerpt":{"rendered":"<p>La boisson malt\u00e9e Power Malt est une boisson sucr\u00e9e, sombre et nutritive faite uniquement avec les meilleurs ingr\u00e9dients. Power Malt ne contient pas d&rsquo;alcool, il est<span class=\"excerpt-hellip\"> [\u2026]<\/span><\/p>\n","protected":false},"featured_media":156607,"comment_status":"open","ping_status":"closed","template":"","meta":[],"product_cat":[8445,8582],"product_tag":[],"_links":{"self":[{"href":"https:\/\/www.laperlavalles.cat\/fr\/wp-json\/wp\/v2\/product\/63070"}],"collection":[{"href":"https:\/\/www.laperlavalles.cat\/fr\/wp-json\/wp\/v2\/product"}],"about":[{"href":"https:\/\/www.laperlavalles.cat\/fr\/wp-json\/wp\/v2\/types\/product"}],"replies":[{"embeddable":true,"href":"https:\/\/www.laperlavalles.cat\/fr\/wp-json\/wp\/v2\/comments?post=63070"}],"wp:featuredmedia":[{"embeddable":true,"href":"https:\/\/www.laperlavalles.cat\/fr\/wp-json\/wp\/v2\/media\/156607"}],"wp:attachment":[{"href":"https:\/\/www.laperlavalles.cat\/fr\/wp-json\/wp\/v2\/media?parent=63070"}],"wp:term":[{"taxonomy":"product_cat","embeddable":true,"href":"https:\/\/www.laperlavalles.cat\/fr\/wp-json\/wp\/v2\/product_cat?post=63070"},{"taxonomy":"product_tag","embeddable":true,"href":"https:\/\/www.laperlavalles.cat\/fr\/wp-json\/wp\/v2\/product_tag?post=63070"}],"curies":[{"name":"wp","href":"https:\/\/api.w.org\/{rel}","templated":true}]}}