{"id":63090,"date":"2021-07-12T19:56:31","date_gmt":"2021-07-12T17:56:45","guid":{"rendered":"https:\/\/www.laperlavalles2.bcntic.com\/product\/malte-vitamalt-classic-bouteille-33cl\/"},"modified":"2023-06-23T07:52:20","modified_gmt":"2023-06-23T05:52:20","slug":"malte-vitamalt-classic-bouteille-33cl","status":"publish","type":"product","link":"https:\/\/www.laperlavalles.cat\/fr\/produit\/malte-vitamalt-classic-bouteille-33cl\/","title":{"rendered":"Malte Vitamalt Classic bouteille 33cl"},"content":{"rendered":"<p>La boisson au malt sans alcool Vitamalt Classic est une boisson p\u00e9tillante au malt gaz\u00e9ifi\u00e9e \u00e0 base d&rsquo;orge, de houblon et d&rsquo;eau sans alcool.<\/p>\n","protected":false},"excerpt":{"rendered":"<p>La boisson au malt sans alcool Vitamalt Classic est une boisson p\u00e9tillante au malt gaz\u00e9ifi\u00e9e \u00e0 base d&rsquo;orge, de houblon et d&rsquo;eau sans alcool.<\/p>\n","protected":false},"featured_media":156625,"comment_status":"open","ping_status":"closed","template":"","meta":[],"product_cat":[8445,8582],"product_tag":[],"_links":{"self":[{"href":"https:\/\/www.laperlavalles.cat\/fr\/wp-json\/wp\/v2\/product\/63090"}],"collection":[{"href":"https:\/\/www.laperlavalles.cat\/fr\/wp-json\/wp\/v2\/product"}],"about":[{"href":"https:\/\/www.laperlavalles.cat\/fr\/wp-json\/wp\/v2\/types\/product"}],"replies":[{"embeddable":true,"href":"https:\/\/www.laperlavalles.cat\/fr\/wp-json\/wp\/v2\/comments?post=63090"}],"wp:featuredmedia":[{"embeddable":true,"href":"https:\/\/www.laperlavalles.cat\/fr\/wp-json\/wp\/v2\/media\/156625"}],"wp:attachment":[{"href":"https:\/\/www.laperlavalles.cat\/fr\/wp-json\/wp\/v2\/media?parent=63090"}],"wp:term":[{"taxonomy":"product_cat","embeddable":true,"href":"https:\/\/www.laperlavalles.cat\/fr\/wp-json\/wp\/v2\/product_cat?post=63090"},{"taxonomy":"product_tag","embeddable":true,"href":"https:\/\/www.laperlavalles.cat\/fr\/wp-json\/wp\/v2\/product_tag?post=63090"}],"curies":[{"name":"wp","href":"https:\/\/api.w.org\/{rel}","templated":true}]}}