{"id":63110,"date":"2021-07-12T19:56:53","date_gmt":"2021-07-12T17:57:08","guid":{"rendered":"https:\/\/www.laperlavalles2.bcntic.com\/product\/malte-vitamalt-classic-cannette-33cl\/"},"modified":"2025-07-03T10:21:14","modified_gmt":"2025-07-03T08:21:14","slug":"malte-vitamalt-classic-cannette-33cl","status":"publish","type":"product","link":"https:\/\/www.laperlavalles.cat\/fr\/produit\/malte-vitamalt-classic-cannette-33cl\/","title":{"rendered":"Malte Vitamalt Classic cannette 33cl"},"content":{"rendered":"<p>La boisson au malt sans alcool Vitamalt Classic est une boisson p\u00e9tillante au malt gaz\u00e9ifi\u00e9e \u00e0 base d&rsquo;orge, de houblon et d&rsquo;eau sans alcool.<\/p>\n","protected":false},"excerpt":{"rendered":"<p>La boisson au malt sans alcool Vitamalt Classic est une boisson p\u00e9tillante au malt gaz\u00e9ifi\u00e9e \u00e0 base d&rsquo;orge, de houblon et d&rsquo;eau sans alcool.<\/p>\n","protected":false},"featured_media":156639,"comment_status":"open","ping_status":"closed","template":"","meta":[],"product_cat":[8445,8582],"product_tag":[],"_links":{"self":[{"href":"https:\/\/www.laperlavalles.cat\/fr\/wp-json\/wp\/v2\/product\/63110"}],"collection":[{"href":"https:\/\/www.laperlavalles.cat\/fr\/wp-json\/wp\/v2\/product"}],"about":[{"href":"https:\/\/www.laperlavalles.cat\/fr\/wp-json\/wp\/v2\/types\/product"}],"replies":[{"embeddable":true,"href":"https:\/\/www.laperlavalles.cat\/fr\/wp-json\/wp\/v2\/comments?post=63110"}],"wp:featuredmedia":[{"embeddable":true,"href":"https:\/\/www.laperlavalles.cat\/fr\/wp-json\/wp\/v2\/media\/156639"}],"wp:attachment":[{"href":"https:\/\/www.laperlavalles.cat\/fr\/wp-json\/wp\/v2\/media?parent=63110"}],"wp:term":[{"taxonomy":"product_cat","embeddable":true,"href":"https:\/\/www.laperlavalles.cat\/fr\/wp-json\/wp\/v2\/product_cat?post=63110"},{"taxonomy":"product_tag","embeddable":true,"href":"https:\/\/www.laperlavalles.cat\/fr\/wp-json\/wp\/v2\/product_tag?post=63110"}],"curies":[{"name":"wp","href":"https:\/\/api.w.org\/{rel}","templated":true}]}}