{"id":63170,"date":"2021-07-12T19:58:01","date_gmt":"2021-07-12T17:58:15","guid":{"rendered":"https:\/\/www.laperlavalles2.bcntic.com\/product\/malte-maltex-bouteille-33cl\/"},"modified":"2024-07-02T18:29:31","modified_gmt":"2024-07-02T16:29:31","slug":"malte-maltex-bouteille-33cl","status":"publish","type":"product","link":"https:\/\/www.laperlavalles.cat\/fr\/produit\/malte-maltex-bouteille-33cl\/","title":{"rendered":"Malte Maltex bouteille 33cl"},"content":{"rendered":"<p>La boissonde  malte Maltex est une boisson sucr\u00e9e, sombre et nutritive faite uniquement avec les meilleurs ingr\u00e9dients.<br \/>\nMaltex ne contient pas d&rsquo;alcool, il est donc id\u00e9al dans toutes les r\u00e9gions.<\/p>\n","protected":false},"excerpt":{"rendered":"<p>La boissonde malte Maltex est une boisson sucr\u00e9e, sombre et nutritive faite uniquement avec les meilleurs ingr\u00e9dients. Maltex ne contient pas d&rsquo;alcool, il est donc id\u00e9al<span class=\"excerpt-hellip\"> [\u2026]<\/span><\/p>\n","protected":false},"featured_media":164839,"comment_status":"open","ping_status":"closed","template":"","meta":[],"product_cat":[10616],"product_tag":[],"_links":{"self":[{"href":"https:\/\/www.laperlavalles.cat\/fr\/wp-json\/wp\/v2\/product\/63170"}],"collection":[{"href":"https:\/\/www.laperlavalles.cat\/fr\/wp-json\/wp\/v2\/product"}],"about":[{"href":"https:\/\/www.laperlavalles.cat\/fr\/wp-json\/wp\/v2\/types\/product"}],"replies":[{"embeddable":true,"href":"https:\/\/www.laperlavalles.cat\/fr\/wp-json\/wp\/v2\/comments?post=63170"}],"wp:featuredmedia":[{"embeddable":true,"href":"https:\/\/www.laperlavalles.cat\/fr\/wp-json\/wp\/v2\/media\/164839"}],"wp:attachment":[{"href":"https:\/\/www.laperlavalles.cat\/fr\/wp-json\/wp\/v2\/media?parent=63170"}],"wp:term":[{"taxonomy":"product_cat","embeddable":true,"href":"https:\/\/www.laperlavalles.cat\/fr\/wp-json\/wp\/v2\/product_cat?post=63170"},{"taxonomy":"product_tag","embeddable":true,"href":"https:\/\/www.laperlavalles.cat\/fr\/wp-json\/wp\/v2\/product_tag?post=63170"}],"curies":[{"name":"wp","href":"https:\/\/api.w.org\/{rel}","templated":true}]}}