{"id":63190,"date":"2021-07-12T19:58:23","date_gmt":"2021-07-12T17:58:37","guid":{"rendered":"https:\/\/www.laperlavalles2.bcntic.com\/product\/malte-vitamalt-ginger-bouteille-33cl\/"},"modified":"2023-06-23T11:06:34","modified_gmt":"2023-06-23T09:06:34","slug":"malte-vitamalt-ginger-bouteille-33cl","status":"publish","type":"product","link":"https:\/\/www.laperlavalles.cat\/fr\/produit\/malte-vitamalt-ginger-bouteille-33cl\/","title":{"rendered":"Malte Vitamalt Ginger bouteille 33cl"},"content":{"rendered":"<p>Boisson malt\u00e9e sans alcool et au gingembre. La boisson malt\u00e9e est une boisson gazeuse au malt pr\u00e9par\u00e9e avec de l\u2019orge, du houblon et de l\u2019eau non alcoolis\u00e9e.<\/p>\n","protected":false},"excerpt":{"rendered":"<p>Boisson malt\u00e9e sans alcool et au gingembre. La boisson malt\u00e9e est une boisson gazeuse au malt pr\u00e9par\u00e9e avec de l\u2019orge, du houblon et de l\u2019eau non<span class=\"excerpt-hellip\"> [\u2026]<\/span><\/p>\n","protected":false},"featured_media":165401,"comment_status":"open","ping_status":"closed","template":"","meta":[],"product_cat":[8445,8582],"product_tag":[],"_links":{"self":[{"href":"https:\/\/www.laperlavalles.cat\/fr\/wp-json\/wp\/v2\/product\/63190"}],"collection":[{"href":"https:\/\/www.laperlavalles.cat\/fr\/wp-json\/wp\/v2\/product"}],"about":[{"href":"https:\/\/www.laperlavalles.cat\/fr\/wp-json\/wp\/v2\/types\/product"}],"replies":[{"embeddable":true,"href":"https:\/\/www.laperlavalles.cat\/fr\/wp-json\/wp\/v2\/comments?post=63190"}],"wp:featuredmedia":[{"embeddable":true,"href":"https:\/\/www.laperlavalles.cat\/fr\/wp-json\/wp\/v2\/media\/165401"}],"wp:attachment":[{"href":"https:\/\/www.laperlavalles.cat\/fr\/wp-json\/wp\/v2\/media?parent=63190"}],"wp:term":[{"taxonomy":"product_cat","embeddable":true,"href":"https:\/\/www.laperlavalles.cat\/fr\/wp-json\/wp\/v2\/product_cat?post=63190"},{"taxonomy":"product_tag","embeddable":true,"href":"https:\/\/www.laperlavalles.cat\/fr\/wp-json\/wp\/v2\/product_tag?post=63190"}],"curies":[{"name":"wp","href":"https:\/\/api.w.org\/{rel}","templated":true}]}}