{"id":63850,"date":"2021-07-12T20:09:41","date_gmt":"2021-07-12T18:09:54","guid":{"rendered":"https:\/\/www.laperlavalles2.bcntic.com\/product\/nestle-milo-afrique\/"},"modified":"2024-07-01T16:08:57","modified_gmt":"2024-07-01T14:08:57","slug":"nestle-milo-afrique","status":"publish","type":"product","link":"https:\/\/www.laperlavalles.cat\/fr\/produit\/nestle-milo-afrique\/","title":{"rendered":"NESTL\u00c9 MILO AFRIQUE"},"content":{"rendered":"<p>La boisson Nestl\u00e9 Milo Africa est une boisson \u00e0 base de cacao, de malt et de lait. <\/p>\n","protected":false},"excerpt":{"rendered":"<p>La boisson Nestl\u00e9 Milo Africa est une boisson \u00e0 base de cacao, de malt et de lait.<\/p>\n","protected":false},"featured_media":96646,"comment_status":"open","ping_status":"closed","template":"","meta":[],"product_cat":[10616],"product_tag":[],"_links":{"self":[{"href":"https:\/\/www.laperlavalles.cat\/fr\/wp-json\/wp\/v2\/product\/63850"}],"collection":[{"href":"https:\/\/www.laperlavalles.cat\/fr\/wp-json\/wp\/v2\/product"}],"about":[{"href":"https:\/\/www.laperlavalles.cat\/fr\/wp-json\/wp\/v2\/types\/product"}],"replies":[{"embeddable":true,"href":"https:\/\/www.laperlavalles.cat\/fr\/wp-json\/wp\/v2\/comments?post=63850"}],"wp:featuredmedia":[{"embeddable":true,"href":"https:\/\/www.laperlavalles.cat\/fr\/wp-json\/wp\/v2\/media\/96646"}],"wp:attachment":[{"href":"https:\/\/www.laperlavalles.cat\/fr\/wp-json\/wp\/v2\/media?parent=63850"}],"wp:term":[{"taxonomy":"product_cat","embeddable":true,"href":"https:\/\/www.laperlavalles.cat\/fr\/wp-json\/wp\/v2\/product_cat?post=63850"},{"taxonomy":"product_tag","embeddable":true,"href":"https:\/\/www.laperlavalles.cat\/fr\/wp-json\/wp\/v2\/product_tag?post=63850"}],"curies":[{"name":"wp","href":"https:\/\/api.w.org\/{rel}","templated":true}]}}