{"id":63890,"date":"2021-07-12T20:10:17","date_gmt":"2021-07-12T18:10:30","guid":{"rendered":"https:\/\/www.laperlavalles2.bcntic.com\/product\/nestle-cerelac-ble-400gr\/"},"modified":"2023-06-26T15:01:54","modified_gmt":"2023-06-26T13:01:54","slug":"nestle-cerelac-ble-400gr","status":"publish","type":"product","link":"https:\/\/www.laperlavalles.cat\/fr\/produit\/nestle-cerelac-ble-400gr\/","title":{"rendered":"NESTL\u00c9 CERELAC BL\u00c9 400GR"},"content":{"rendered":"<p>Nestl\u00e9 Cerelac Wheat with Milk est la c\u00e9l\u00e8bre bouillie de lait avec bl\u00e9 de Nestl\u00e9. \u00c0 partir de 6 mois.<\/p>\n","protected":false},"excerpt":{"rendered":"<p>Nestl\u00e9 Cerelac Wheat with Milk est la c\u00e9l\u00e8bre bouillie de lait avec bl\u00e9 de Nestl\u00e9. \u00c0 partir de 6 mois.<\/p>\n","protected":false},"featured_media":139302,"comment_status":"open","ping_status":"closed","template":"","meta":[],"product_cat":[8446,8584],"product_tag":[],"_links":{"self":[{"href":"https:\/\/www.laperlavalles.cat\/fr\/wp-json\/wp\/v2\/product\/63890"}],"collection":[{"href":"https:\/\/www.laperlavalles.cat\/fr\/wp-json\/wp\/v2\/product"}],"about":[{"href":"https:\/\/www.laperlavalles.cat\/fr\/wp-json\/wp\/v2\/types\/product"}],"replies":[{"embeddable":true,"href":"https:\/\/www.laperlavalles.cat\/fr\/wp-json\/wp\/v2\/comments?post=63890"}],"wp:featuredmedia":[{"embeddable":true,"href":"https:\/\/www.laperlavalles.cat\/fr\/wp-json\/wp\/v2\/media\/139302"}],"wp:attachment":[{"href":"https:\/\/www.laperlavalles.cat\/fr\/wp-json\/wp\/v2\/media?parent=63890"}],"wp:term":[{"taxonomy":"product_cat","embeddable":true,"href":"https:\/\/www.laperlavalles.cat\/fr\/wp-json\/wp\/v2\/product_cat?post=63890"},{"taxonomy":"product_tag","embeddable":true,"href":"https:\/\/www.laperlavalles.cat\/fr\/wp-json\/wp\/v2\/product_tag?post=63890"}],"curies":[{"name":"wp","href":"https:\/\/api.w.org\/{rel}","templated":true}]}}