{"id":63970,"date":"2021-07-12T20:11:37","date_gmt":"2021-07-12T18:11:51","guid":{"rendered":"https:\/\/www.laperlavalles2.bcntic.com\/product\/birds-custard-powder-600gr\/"},"modified":"2023-06-23T08:03:54","modified_gmt":"2023-06-23T06:03:54","slug":"birds-custard-powder-600gr","status":"publish","type":"product","link":"https:\/\/www.laperlavalles.cat\/fr\/produit\/birds-custard-powder-600gr\/","title":{"rendered":"BIRD&rsquo;S CUSTARD POWDER 600GR"},"content":{"rendered":"<p>Pr\u00e9par\u00e9 dans la poudre de cr\u00e8me Bird&rsquo;s Custard pour obtenir la cr\u00e8me originale Bird&rsquo;s Custard. <\/p>\n","protected":false},"excerpt":{"rendered":"<p>Pr\u00e9par\u00e9 dans la poudre de cr\u00e8me Bird&rsquo;s Custard pour obtenir la cr\u00e8me originale Bird&rsquo;s Custard.<\/p>\n","protected":false},"featured_media":157153,"comment_status":"open","ping_status":"closed","template":"","meta":[],"product_cat":[8446,8584],"product_tag":[],"_links":{"self":[{"href":"https:\/\/www.laperlavalles.cat\/fr\/wp-json\/wp\/v2\/product\/63970"}],"collection":[{"href":"https:\/\/www.laperlavalles.cat\/fr\/wp-json\/wp\/v2\/product"}],"about":[{"href":"https:\/\/www.laperlavalles.cat\/fr\/wp-json\/wp\/v2\/types\/product"}],"replies":[{"embeddable":true,"href":"https:\/\/www.laperlavalles.cat\/fr\/wp-json\/wp\/v2\/comments?post=63970"}],"wp:featuredmedia":[{"embeddable":true,"href":"https:\/\/www.laperlavalles.cat\/fr\/wp-json\/wp\/v2\/media\/157153"}],"wp:attachment":[{"href":"https:\/\/www.laperlavalles.cat\/fr\/wp-json\/wp\/v2\/media?parent=63970"}],"wp:term":[{"taxonomy":"product_cat","embeddable":true,"href":"https:\/\/www.laperlavalles.cat\/fr\/wp-json\/wp\/v2\/product_cat?post=63970"},{"taxonomy":"product_tag","embeddable":true,"href":"https:\/\/www.laperlavalles.cat\/fr\/wp-json\/wp\/v2\/product_tag?post=63970"}],"curies":[{"name":"wp","href":"https:\/\/api.w.org\/{rel}","templated":true}]}}